{"id":821,"date":"2022-03-03T16:08:13","date_gmt":"2022-03-03T16:08:13","guid":{"rendered":"https:\/\/www.thewildcharmfactory.com\/product\/tichodrome-carte-postale-enveloppe-a6\/"},"modified":"2022-03-03T16:08:13","modified_gmt":"2022-03-03T16:08:13","slug":"wallcreeper-a6-card-envelope-2","status":"publish","type":"product","link":"https:\/\/www.thewildcharmfactory.com\/staging\/produit\/wallcreeper-a6-card-envelope-2\/?lang=fr","title":{"rendered":"Tichodrome \u2013 carte postale &amp; enveloppe A6"},"content":{"rendered":"","protected":false},"excerpt":{"rendered":"<p>Carte postale pli\u00e9e format A6 (sans texte \u00e0 l\u2019int\u00e9rieur) en papier biod\u00e9gradable ensemenc\u00e9e (fleurs de champs), avec enveloppe en papier kraft. Reproduction \u00e0 partir de l\u2019aquarelle originale de Silvana Olivo, l\u2019\u00e9tonnant tichodrome echelette (Tichodroma muraria) vit dans les falaises et parois escarp\u00e9es du parc de la Chartreuse et dans les Pr\u00e9alpes fran\u00e7aises. Quand cet oiseau d\u00e9ploie ses ailes il ressemble \u00e0 un papillon g\u00e9ant. Il s\u2019agit d\u2019une esp\u00e8ce vuln\u00e9rable et prot\u00e9g\u00e9e.<br \/>\nTAILLE ferm\u00e9e : 10,5 cm x 14,8 cm , ouverte : 21 cm x 14,8 cm<br \/>\nDisponible aussi en illustration format A5<\/p>\n","protected":false},"featured_media":811,"comment_status":"open","ping_status":"closed","template":"","meta":[],"product_cat":[78],"product_tag":[],"class_list":["post-821","product","type-product","status-publish","has-post-thumbnail","hentry","product_cat-papeterie-de-nature","product_shipping_class-wildlife-stationary"],"acf":[],"yoast_head":"<!-- This site is optimized with the Yoast SEO plugin v20.13 - https:\/\/yoast.com\/wordpress\/plugins\/seo\/ -->\n<title>Tichodrome \u2013 carte postale &amp; enveloppe A6 - The Wild Charm Factory<\/title>\n<meta name=\"robots\" content=\"index, follow, max-snippet:-1, max-image-preview:large, max-video-preview:-1\" \/>\n<link rel=\"canonical\" href=\"https:\/\/www.thewildcharmfactory.com\/staging\/produit\/wallcreeper-a6-card-envelope\/\" \/>\n<meta property=\"og:locale\" content=\"en_US\" \/>\n<meta property=\"og:type\" content=\"article\" \/>\n<meta property=\"og:title\" content=\"Tichodrome \u2013 carte postale &amp; enveloppe A6 - The Wild Charm Factory\" \/>\n<meta property=\"og:description\" content=\"Carte postale pli\u00e9e format A6 (sans texte \u00e0 l\u2019int\u00e9rieur) en papier biod\u00e9gradable ensemenc\u00e9e (fleurs de champs), avec enveloppe en papier kraft. Reproduction \u00e0 partir de l\u2019aquarelle originale de Silvana Olivo, l\u2019\u00e9tonnant tichodrome echelette (Tichodroma muraria) vit dans les falaises et parois escarp\u00e9es du parc de la Chartreuse et dans les Pr\u00e9alpes fran\u00e7aises. Quand cet oiseau d\u00e9ploie ses ailes il ressemble \u00e0 un papillon g\u00e9ant. Il s\u2019agit d\u2019une esp\u00e8ce vuln\u00e9rable et prot\u00e9g\u00e9e.  TAILLE ferm\u00e9e : 10,5 cm x 14,8 cm , ouverte : 21 cm x 14,8 cm Disponible aussi en illustration format A5\" \/>\n<meta property=\"og:url\" content=\"https:\/\/www.thewildcharmfactory.com\/staging\/produit\/wallcreeper-a6-card-envelope\/\" \/>\n<meta property=\"og:site_name\" content=\"The Wild Charm Factory\" \/>\n<meta property=\"og:image\" content=\"https:\/\/www.thewildcharmfactory.com\/staging\/wp-content\/uploads\/2022\/03\/20220303_182623.jpg\" \/>\n\t<meta property=\"og:image:width\" content=\"1757\" \/>\n\t<meta property=\"og:image:height\" content=\"1642\" \/>\n\t<meta property=\"og:image:type\" content=\"image\/jpeg\" \/>\n<meta name=\"twitter:card\" content=\"summary_large_image\" \/>\n<script type=\"application\/ld+json\" class=\"yoast-schema-graph\">{\"@context\":\"https:\/\/schema.org\",\"@graph\":[{\"@type\":\"WebPage\",\"@id\":\"https:\/\/www.thewildcharmfactory.com\/staging\/produit\/wallcreeper-a6-card-envelope\/\",\"url\":\"https:\/\/www.thewildcharmfactory.com\/staging\/produit\/wallcreeper-a6-card-envelope\/\",\"name\":\"Tichodrome \u2013 carte postale &amp; enveloppe A6 - The Wild Charm Factory\",\"isPartOf\":{\"@id\":\"https:\/\/www.thewildcharmfactory.com\/staging\/#website\"},\"datePublished\":\"2022-03-03T16:08:13+00:00\",\"dateModified\":\"2022-03-03T16:08:13+00:00\",\"breadcrumb\":{\"@id\":\"https:\/\/www.thewildcharmfactory.com\/staging\/produit\/wallcreeper-a6-card-envelope\/#breadcrumb\"},\"inLanguage\":\"en-US\",\"potentialAction\":[{\"@type\":\"ReadAction\",\"target\":[\"https:\/\/www.thewildcharmfactory.com\/staging\/produit\/wallcreeper-a6-card-envelope\/\"]}]},{\"@type\":\"BreadcrumbList\",\"@id\":\"https:\/\/www.thewildcharmfactory.com\/staging\/produit\/wallcreeper-a6-card-envelope\/#breadcrumb\",\"itemListElement\":[{\"@type\":\"ListItem\",\"position\":1,\"name\":\"Home\",\"item\":\"https:\/\/www.thewildcharmfactory.com\/staging\/\"},{\"@type\":\"ListItem\",\"position\":2,\"name\":\"Shop\",\"item\":\"https:\/\/www.thewildcharmfactory.com\/staging\/shop\/\"},{\"@type\":\"ListItem\",\"position\":3,\"name\":\"Tichodrome \u2013 carte postale &amp; enveloppe A6\"}]},{\"@type\":\"WebSite\",\"@id\":\"https:\/\/www.thewildcharmfactory.com\/staging\/#website\",\"url\":\"https:\/\/www.thewildcharmfactory.com\/staging\/\",\"name\":\"The Wild Charm Factory\",\"description\":\"The Wild Charm Factory\",\"publisher\":{\"@id\":\"https:\/\/www.thewildcharmfactory.com\/staging\/#organization\"},\"potentialAction\":[{\"@type\":\"SearchAction\",\"target\":{\"@type\":\"EntryPoint\",\"urlTemplate\":\"https:\/\/www.thewildcharmfactory.com\/staging\/?s={search_term_string}\"},\"query-input\":\"required name=search_term_string\"}],\"inLanguage\":\"en-US\"},{\"@type\":\"Organization\",\"@id\":\"https:\/\/www.thewildcharmfactory.com\/staging\/#organization\",\"name\":\"The Wild Charm Factory\",\"url\":\"https:\/\/www.thewildcharmfactory.com\/staging\/\",\"logo\":{\"@type\":\"ImageObject\",\"inLanguage\":\"en-US\",\"@id\":\"https:\/\/www.thewildcharmfactory.com\/staging\/#\/schema\/logo\/image\/\",\"url\":\"https:\/\/www.thewildcharmfactory.com\/wp-content\/uploads\/2021\/12\/logo-twcf-2.png\",\"contentUrl\":\"https:\/\/www.thewildcharmfactory.com\/wp-content\/uploads\/2021\/12\/logo-twcf-2.png\",\"width\":400,\"height\":335,\"caption\":\"The Wild Charm Factory\"},\"image\":{\"@id\":\"https:\/\/www.thewildcharmfactory.com\/staging\/#\/schema\/logo\/image\/\"},\"sameAs\":[\"https:\/\/www.instagram.com\/thewildcharmfactory\/\"]}]}<\/script>\n<!-- \/ Yoast SEO plugin. -->","yoast_head_json":{"title":"Tichodrome \u2013 carte postale &amp; enveloppe A6 - The Wild Charm Factory","robots":{"index":"index","follow":"follow","max-snippet":"max-snippet:-1","max-image-preview":"max-image-preview:large","max-video-preview":"max-video-preview:-1"},"canonical":"https:\/\/www.thewildcharmfactory.com\/staging\/produit\/wallcreeper-a6-card-envelope\/","og_locale":"en_US","og_type":"article","og_title":"Tichodrome \u2013 carte postale &amp; enveloppe A6 - The Wild Charm Factory","og_description":"Carte postale pli\u00e9e format A6 (sans texte \u00e0 l\u2019int\u00e9rieur) en papier biod\u00e9gradable ensemenc\u00e9e (fleurs de champs), avec enveloppe en papier kraft. Reproduction \u00e0 partir de l\u2019aquarelle originale de Silvana Olivo, l\u2019\u00e9tonnant tichodrome echelette (Tichodroma muraria) vit dans les falaises et parois escarp\u00e9es du parc de la Chartreuse et dans les Pr\u00e9alpes fran\u00e7aises. Quand cet oiseau d\u00e9ploie ses ailes il ressemble \u00e0 un papillon g\u00e9ant. Il s\u2019agit d\u2019une esp\u00e8ce vuln\u00e9rable et prot\u00e9g\u00e9e.  TAILLE ferm\u00e9e : 10,5 cm x 14,8 cm , ouverte : 21 cm x 14,8 cm Disponible aussi en illustration format A5","og_url":"https:\/\/www.thewildcharmfactory.com\/staging\/produit\/wallcreeper-a6-card-envelope\/","og_site_name":"The Wild Charm Factory","og_image":[{"width":1757,"height":1642,"url":"https:\/\/www.thewildcharmfactory.com\/staging\/wp-content\/uploads\/2022\/03\/20220303_182623.jpg","type":"image\/jpeg"}],"twitter_card":"summary_large_image","schema":{"@context":"https:\/\/schema.org","@graph":[{"@type":"WebPage","@id":"https:\/\/www.thewildcharmfactory.com\/staging\/produit\/wallcreeper-a6-card-envelope\/","url":"https:\/\/www.thewildcharmfactory.com\/staging\/produit\/wallcreeper-a6-card-envelope\/","name":"Tichodrome \u2013 carte postale &amp; enveloppe A6 - The Wild Charm Factory","isPartOf":{"@id":"https:\/\/www.thewildcharmfactory.com\/staging\/#website"},"datePublished":"2022-03-03T16:08:13+00:00","dateModified":"2022-03-03T16:08:13+00:00","breadcrumb":{"@id":"https:\/\/www.thewildcharmfactory.com\/staging\/produit\/wallcreeper-a6-card-envelope\/#breadcrumb"},"inLanguage":"en-US","potentialAction":[{"@type":"ReadAction","target":["https:\/\/www.thewildcharmfactory.com\/staging\/produit\/wallcreeper-a6-card-envelope\/"]}]},{"@type":"BreadcrumbList","@id":"https:\/\/www.thewildcharmfactory.com\/staging\/produit\/wallcreeper-a6-card-envelope\/#breadcrumb","itemListElement":[{"@type":"ListItem","position":1,"name":"Home","item":"https:\/\/www.thewildcharmfactory.com\/staging\/"},{"@type":"ListItem","position":2,"name":"Shop","item":"https:\/\/www.thewildcharmfactory.com\/staging\/shop\/"},{"@type":"ListItem","position":3,"name":"Tichodrome \u2013 carte postale &amp; enveloppe A6"}]},{"@type":"WebSite","@id":"https:\/\/www.thewildcharmfactory.com\/staging\/#website","url":"https:\/\/www.thewildcharmfactory.com\/staging\/","name":"The Wild Charm Factory","description":"The Wild Charm Factory","publisher":{"@id":"https:\/\/www.thewildcharmfactory.com\/staging\/#organization"},"potentialAction":[{"@type":"SearchAction","target":{"@type":"EntryPoint","urlTemplate":"https:\/\/www.thewildcharmfactory.com\/staging\/?s={search_term_string}"},"query-input":"required name=search_term_string"}],"inLanguage":"en-US"},{"@type":"Organization","@id":"https:\/\/www.thewildcharmfactory.com\/staging\/#organization","name":"The Wild Charm Factory","url":"https:\/\/www.thewildcharmfactory.com\/staging\/","logo":{"@type":"ImageObject","inLanguage":"en-US","@id":"https:\/\/www.thewildcharmfactory.com\/staging\/#\/schema\/logo\/image\/","url":"https:\/\/www.thewildcharmfactory.com\/wp-content\/uploads\/2021\/12\/logo-twcf-2.png","contentUrl":"https:\/\/www.thewildcharmfactory.com\/wp-content\/uploads\/2021\/12\/logo-twcf-2.png","width":400,"height":335,"caption":"The Wild Charm Factory"},"image":{"@id":"https:\/\/www.thewildcharmfactory.com\/staging\/#\/schema\/logo\/image\/"},"sameAs":["https:\/\/www.instagram.com\/thewildcharmfactory\/"]}]}},"_links":{"self":[{"href":"https:\/\/www.thewildcharmfactory.com\/staging\/wp-json\/wp\/v2\/product\/821","targetHints":{"allow":["GET"]}}],"collection":[{"href":"https:\/\/www.thewildcharmfactory.com\/staging\/wp-json\/wp\/v2\/product"}],"about":[{"href":"https:\/\/www.thewildcharmfactory.com\/staging\/wp-json\/wp\/v2\/types\/product"}],"replies":[{"embeddable":true,"href":"https:\/\/www.thewildcharmfactory.com\/staging\/wp-json\/wp\/v2\/comments?post=821"}],"wp:featuredmedia":[{"embeddable":true,"href":"https:\/\/www.thewildcharmfactory.com\/staging\/wp-json\/wp\/v2\/media\/811"}],"wp:attachment":[{"href":"https:\/\/www.thewildcharmfactory.com\/staging\/wp-json\/wp\/v2\/media?parent=821"}],"wp:term":[{"taxonomy":"product_cat","embeddable":true,"href":"https:\/\/www.thewildcharmfactory.com\/staging\/wp-json\/wp\/v2\/product_cat?post=821"},{"taxonomy":"product_tag","embeddable":true,"href":"https:\/\/www.thewildcharmfactory.com\/staging\/wp-json\/wp\/v2\/product_tag?post=821"}],"curies":[{"name":"wp","href":"https:\/\/api.w.org\/{rel}","templated":true}]}}