{"id":819,"date":"2022-03-03T15:34:30","date_gmt":"2022-03-03T15:34:30","guid":{"rendered":"https:\/\/www.thewildcharmfactory.com\/product\/gorgebleu-a-miroir-carte-postale-enveloppe-a6\/"},"modified":"2022-03-03T15:34:30","modified_gmt":"2022-03-03T15:34:30","slug":"bluethroat-a6-card-envelope-2","status":"publish","type":"product","link":"https:\/\/www.thewildcharmfactory.com\/staging\/produit\/bluethroat-a6-card-envelope-2\/?lang=fr","title":{"rendered":"Gorgebleu \u00e0 miroir \u2013 carte postale &amp; enveloppe A6"},"content":{"rendered":"","protected":false},"excerpt":{"rendered":"<p>Carte postale pli\u00e9e format A6 (sans texte \u00e0 l\u2019int\u00e9rieur) en papier biod\u00e9gradable ensemenc\u00e9e (fleurs de champs), avec enveloppe en papier kraft. Reproduction \u00e0 partir de l\u2019aquarelle originale de Silvana Olivo, le Gorgebleue \u00e0 miroir (Luscinia svecica) est repr\u00e9sent\u00e9 ici avec les couleurs de son plumage nuptial de printemps. Il est timide et capable d\u2019imiter les chants de nombreuses esp\u00e8ces de oiseaux. Cet oiseau est en danger de disparition dans la campagne de la France orientale, surtout en Bourgogne et en Alsace. <\/p>\n<p>TAILLE ferm\u00e9e : 10,5 cm x 14,8 cm , ouverte : 21 cm x 14,8 cm<br \/>\nDisponible aussi en illustration format A5<\/p>\n","protected":false},"featured_media":800,"comment_status":"open","ping_status":"closed","template":"","meta":[],"product_cat":[78],"product_tag":[],"class_list":["post-819","product","type-product","status-publish","has-post-thumbnail","hentry","product_cat-papeterie-de-nature","product_shipping_class-wildlife-stationary"],"acf":[],"yoast_head":"<!-- This site is optimized with the Yoast SEO plugin v20.13 - https:\/\/yoast.com\/wordpress\/plugins\/seo\/ -->\n<title>Gorgebleu \u00e0 miroir \u2013 carte postale &amp; enveloppe A6 - The Wild Charm Factory<\/title>\n<meta name=\"robots\" content=\"index, follow, max-snippet:-1, max-image-preview:large, max-video-preview:-1\" \/>\n<link rel=\"canonical\" href=\"https:\/\/www.thewildcharmfactory.com\/staging\/produit\/bluethroat-a6-card-envelope\/\" \/>\n<meta property=\"og:locale\" content=\"en_US\" \/>\n<meta property=\"og:type\" content=\"article\" \/>\n<meta property=\"og:title\" content=\"Gorgebleu \u00e0 miroir \u2013 carte postale &amp; enveloppe A6 - The Wild Charm Factory\" \/>\n<meta property=\"og:description\" content=\"Carte postale pli\u00e9e format A6 (sans texte \u00e0 l\u2019int\u00e9rieur) en papier biod\u00e9gradable ensemenc\u00e9e (fleurs de champs), avec enveloppe en papier kraft. Reproduction \u00e0 partir de l\u2019aquarelle originale de Silvana Olivo, le Gorgebleue \u00e0 miroir (Luscinia svecica) est repr\u00e9sent\u00e9 ici avec les couleurs de son plumage nuptial de printemps. Il est timide et capable d\u2019imiter les chants de nombreuses esp\u00e8ces de oiseaux. Cet oiseau est en danger de disparition dans la campagne de la France orientale, surtout en Bourgogne et en Alsace.  TAILLE ferm\u00e9e : 10,5 cm x 14,8 cm , ouverte : 21 cm x 14,8 cm Disponible aussi en illustration format A5\" \/>\n<meta property=\"og:url\" content=\"https:\/\/www.thewildcharmfactory.com\/staging\/produit\/bluethroat-a6-card-envelope\/\" \/>\n<meta property=\"og:site_name\" content=\"The Wild Charm Factory\" \/>\n<meta property=\"og:image\" content=\"https:\/\/www.thewildcharmfactory.com\/staging\/wp-content\/uploads\/2022\/03\/BLuethroat-A6-scaled.jpg\" \/>\n\t<meta property=\"og:image:width\" content=\"2560\" \/>\n\t<meta property=\"og:image:height\" content=\"1627\" \/>\n\t<meta property=\"og:image:type\" content=\"image\/jpeg\" \/>\n<meta name=\"twitter:card\" content=\"summary_large_image\" \/>\n<script type=\"application\/ld+json\" class=\"yoast-schema-graph\">{\"@context\":\"https:\/\/schema.org\",\"@graph\":[{\"@type\":\"WebPage\",\"@id\":\"https:\/\/www.thewildcharmfactory.com\/staging\/produit\/bluethroat-a6-card-envelope\/\",\"url\":\"https:\/\/www.thewildcharmfactory.com\/staging\/produit\/bluethroat-a6-card-envelope\/\",\"name\":\"Gorgebleu \u00e0 miroir \u2013 carte postale &amp; enveloppe A6 - The Wild Charm Factory\",\"isPartOf\":{\"@id\":\"https:\/\/www.thewildcharmfactory.com\/staging\/#website\"},\"datePublished\":\"2022-03-03T15:34:30+00:00\",\"dateModified\":\"2022-03-03T15:34:30+00:00\",\"breadcrumb\":{\"@id\":\"https:\/\/www.thewildcharmfactory.com\/staging\/produit\/bluethroat-a6-card-envelope\/#breadcrumb\"},\"inLanguage\":\"en-US\",\"potentialAction\":[{\"@type\":\"ReadAction\",\"target\":[\"https:\/\/www.thewildcharmfactory.com\/staging\/produit\/bluethroat-a6-card-envelope\/\"]}]},{\"@type\":\"BreadcrumbList\",\"@id\":\"https:\/\/www.thewildcharmfactory.com\/staging\/produit\/bluethroat-a6-card-envelope\/#breadcrumb\",\"itemListElement\":[{\"@type\":\"ListItem\",\"position\":1,\"name\":\"Home\",\"item\":\"https:\/\/www.thewildcharmfactory.com\/staging\/\"},{\"@type\":\"ListItem\",\"position\":2,\"name\":\"Shop\",\"item\":\"https:\/\/www.thewildcharmfactory.com\/staging\/shop\/\"},{\"@type\":\"ListItem\",\"position\":3,\"name\":\"Gorgebleu \u00e0 miroir \u2013 carte postale &amp; enveloppe A6\"}]},{\"@type\":\"WebSite\",\"@id\":\"https:\/\/www.thewildcharmfactory.com\/staging\/#website\",\"url\":\"https:\/\/www.thewildcharmfactory.com\/staging\/\",\"name\":\"The Wild Charm Factory\",\"description\":\"The Wild Charm Factory\",\"publisher\":{\"@id\":\"https:\/\/www.thewildcharmfactory.com\/staging\/#organization\"},\"potentialAction\":[{\"@type\":\"SearchAction\",\"target\":{\"@type\":\"EntryPoint\",\"urlTemplate\":\"https:\/\/www.thewildcharmfactory.com\/staging\/?s={search_term_string}\"},\"query-input\":\"required name=search_term_string\"}],\"inLanguage\":\"en-US\"},{\"@type\":\"Organization\",\"@id\":\"https:\/\/www.thewildcharmfactory.com\/staging\/#organization\",\"name\":\"The Wild Charm Factory\",\"url\":\"https:\/\/www.thewildcharmfactory.com\/staging\/\",\"logo\":{\"@type\":\"ImageObject\",\"inLanguage\":\"en-US\",\"@id\":\"https:\/\/www.thewildcharmfactory.com\/staging\/#\/schema\/logo\/image\/\",\"url\":\"https:\/\/www.thewildcharmfactory.com\/wp-content\/uploads\/2021\/12\/logo-twcf-2.png\",\"contentUrl\":\"https:\/\/www.thewildcharmfactory.com\/wp-content\/uploads\/2021\/12\/logo-twcf-2.png\",\"width\":400,\"height\":335,\"caption\":\"The Wild Charm Factory\"},\"image\":{\"@id\":\"https:\/\/www.thewildcharmfactory.com\/staging\/#\/schema\/logo\/image\/\"},\"sameAs\":[\"https:\/\/www.instagram.com\/thewildcharmfactory\/\"]}]}<\/script>\n<!-- \/ Yoast SEO plugin. -->","yoast_head_json":{"title":"Gorgebleu \u00e0 miroir \u2013 carte postale &amp; enveloppe A6 - The Wild Charm Factory","robots":{"index":"index","follow":"follow","max-snippet":"max-snippet:-1","max-image-preview":"max-image-preview:large","max-video-preview":"max-video-preview:-1"},"canonical":"https:\/\/www.thewildcharmfactory.com\/staging\/produit\/bluethroat-a6-card-envelope\/","og_locale":"en_US","og_type":"article","og_title":"Gorgebleu \u00e0 miroir \u2013 carte postale &amp; enveloppe A6 - The Wild Charm Factory","og_description":"Carte postale pli\u00e9e format A6 (sans texte \u00e0 l\u2019int\u00e9rieur) en papier biod\u00e9gradable ensemenc\u00e9e (fleurs de champs), avec enveloppe en papier kraft. Reproduction \u00e0 partir de l\u2019aquarelle originale de Silvana Olivo, le Gorgebleue \u00e0 miroir (Luscinia svecica) est repr\u00e9sent\u00e9 ici avec les couleurs de son plumage nuptial de printemps. Il est timide et capable d\u2019imiter les chants de nombreuses esp\u00e8ces de oiseaux. Cet oiseau est en danger de disparition dans la campagne de la France orientale, surtout en Bourgogne et en Alsace.  TAILLE ferm\u00e9e : 10,5 cm x 14,8 cm , ouverte : 21 cm x 14,8 cm Disponible aussi en illustration format A5","og_url":"https:\/\/www.thewildcharmfactory.com\/staging\/produit\/bluethroat-a6-card-envelope\/","og_site_name":"The Wild Charm Factory","og_image":[{"width":2560,"height":1627,"url":"https:\/\/www.thewildcharmfactory.com\/staging\/wp-content\/uploads\/2022\/03\/BLuethroat-A6-scaled.jpg","type":"image\/jpeg"}],"twitter_card":"summary_large_image","schema":{"@context":"https:\/\/schema.org","@graph":[{"@type":"WebPage","@id":"https:\/\/www.thewildcharmfactory.com\/staging\/produit\/bluethroat-a6-card-envelope\/","url":"https:\/\/www.thewildcharmfactory.com\/staging\/produit\/bluethroat-a6-card-envelope\/","name":"Gorgebleu \u00e0 miroir \u2013 carte postale &amp; enveloppe A6 - The Wild Charm Factory","isPartOf":{"@id":"https:\/\/www.thewildcharmfactory.com\/staging\/#website"},"datePublished":"2022-03-03T15:34:30+00:00","dateModified":"2022-03-03T15:34:30+00:00","breadcrumb":{"@id":"https:\/\/www.thewildcharmfactory.com\/staging\/produit\/bluethroat-a6-card-envelope\/#breadcrumb"},"inLanguage":"en-US","potentialAction":[{"@type":"ReadAction","target":["https:\/\/www.thewildcharmfactory.com\/staging\/produit\/bluethroat-a6-card-envelope\/"]}]},{"@type":"BreadcrumbList","@id":"https:\/\/www.thewildcharmfactory.com\/staging\/produit\/bluethroat-a6-card-envelope\/#breadcrumb","itemListElement":[{"@type":"ListItem","position":1,"name":"Home","item":"https:\/\/www.thewildcharmfactory.com\/staging\/"},{"@type":"ListItem","position":2,"name":"Shop","item":"https:\/\/www.thewildcharmfactory.com\/staging\/shop\/"},{"@type":"ListItem","position":3,"name":"Gorgebleu \u00e0 miroir \u2013 carte postale &amp; enveloppe A6"}]},{"@type":"WebSite","@id":"https:\/\/www.thewildcharmfactory.com\/staging\/#website","url":"https:\/\/www.thewildcharmfactory.com\/staging\/","name":"The Wild Charm Factory","description":"The Wild Charm Factory","publisher":{"@id":"https:\/\/www.thewildcharmfactory.com\/staging\/#organization"},"potentialAction":[{"@type":"SearchAction","target":{"@type":"EntryPoint","urlTemplate":"https:\/\/www.thewildcharmfactory.com\/staging\/?s={search_term_string}"},"query-input":"required name=search_term_string"}],"inLanguage":"en-US"},{"@type":"Organization","@id":"https:\/\/www.thewildcharmfactory.com\/staging\/#organization","name":"The Wild Charm Factory","url":"https:\/\/www.thewildcharmfactory.com\/staging\/","logo":{"@type":"ImageObject","inLanguage":"en-US","@id":"https:\/\/www.thewildcharmfactory.com\/staging\/#\/schema\/logo\/image\/","url":"https:\/\/www.thewildcharmfactory.com\/wp-content\/uploads\/2021\/12\/logo-twcf-2.png","contentUrl":"https:\/\/www.thewildcharmfactory.com\/wp-content\/uploads\/2021\/12\/logo-twcf-2.png","width":400,"height":335,"caption":"The Wild Charm Factory"},"image":{"@id":"https:\/\/www.thewildcharmfactory.com\/staging\/#\/schema\/logo\/image\/"},"sameAs":["https:\/\/www.instagram.com\/thewildcharmfactory\/"]}]}},"_links":{"self":[{"href":"https:\/\/www.thewildcharmfactory.com\/staging\/wp-json\/wp\/v2\/product\/819","targetHints":{"allow":["GET"]}}],"collection":[{"href":"https:\/\/www.thewildcharmfactory.com\/staging\/wp-json\/wp\/v2\/product"}],"about":[{"href":"https:\/\/www.thewildcharmfactory.com\/staging\/wp-json\/wp\/v2\/types\/product"}],"replies":[{"embeddable":true,"href":"https:\/\/www.thewildcharmfactory.com\/staging\/wp-json\/wp\/v2\/comments?post=819"}],"wp:featuredmedia":[{"embeddable":true,"href":"https:\/\/www.thewildcharmfactory.com\/staging\/wp-json\/wp\/v2\/media\/800"}],"wp:attachment":[{"href":"https:\/\/www.thewildcharmfactory.com\/staging\/wp-json\/wp\/v2\/media?parent=819"}],"wp:term":[{"taxonomy":"product_cat","embeddable":true,"href":"https:\/\/www.thewildcharmfactory.com\/staging\/wp-json\/wp\/v2\/product_cat?post=819"},{"taxonomy":"product_tag","embeddable":true,"href":"https:\/\/www.thewildcharmfactory.com\/staging\/wp-json\/wp\/v2\/product_tag?post=819"}],"curies":[{"name":"wp","href":"https:\/\/api.w.org\/{rel}","templated":true}]}}