{"id":695,"date":"2021-12-02T08:30:08","date_gmt":"2021-12-02T08:30:08","guid":{"rendered":"https:\/\/www.thewildcharmfactory.com\/product\/gorgebleu-a-miroir-illustration-a5\/"},"modified":"2021-12-02T08:30:08","modified_gmt":"2021-12-02T08:30:08","slug":"bluethroat-a5-print-2","status":"publish","type":"product","link":"https:\/\/www.thewildcharmfactory.com\/staging\/produit\/bluethroat-a5-print-2\/?lang=fr","title":{"rendered":"Gorgebleu \u00e0 miroir \u2013 Illustration A5"},"content":{"rendered":"","protected":false},"excerpt":{"rendered":"<p>Reproduction sur papier fine art \u00e0 partir de l\u2019aquarelle originale de Silvana Olivo, le Gorgebleue \u00e0 miroir (Luscinia svecica) est repr\u00e9sent\u00e9 ici avec les couleurs de son plumage nuptial de printemps. Il est timide et capable d\u2019imiter les chants de nombreuses esp\u00e8ces de oiseaux. Cet oiseau est en danger de disparition dans la campagne de la France orientale, surtout en Bourgogne et en Alsace.  <\/p>\n<p><strong>TAILLE<\/strong>: 21cm x 14.8cm<\/p>\n<p>Disponible aussi en carte postale pli\u00e9e format A6 avec enveloppe en papier kraft &#8211; Carte en papier biod\u00e9gradable ensemenc\u00e9e (fleurs de champs).<\/p>\n","protected":false},"featured_media":534,"comment_status":"open","ping_status":"closed","template":"","meta":[],"product_cat":[65],"product_tag":[],"class_list":["post-695","product","type-product","status-publish","has-post-thumbnail","hentry","product_cat-impressions-de-nature","product_shipping_class-wildlife-prints"],"acf":[],"yoast_head":"<!-- This site is optimized with the Yoast SEO plugin v20.13 - https:\/\/yoast.com\/wordpress\/plugins\/seo\/ -->\n<title>Gorgebleu \u00e0 miroir \u2013 Illustration A5 - The Wild Charm Factory<\/title>\n<meta name=\"robots\" content=\"index, follow, max-snippet:-1, max-image-preview:large, max-video-preview:-1\" \/>\n<link rel=\"canonical\" href=\"https:\/\/www.thewildcharmfactory.com\/staging\/produit\/bluethroat-a5-print\/\" \/>\n<meta property=\"og:locale\" content=\"en_US\" \/>\n<meta property=\"og:type\" content=\"article\" \/>\n<meta property=\"og:title\" content=\"Gorgebleu \u00e0 miroir \u2013 Illustration A5 - The Wild Charm Factory\" \/>\n<meta property=\"og:description\" content=\"Reproduction sur papier fine art \u00e0 partir de l\u2019aquarelle originale de Silvana Olivo, le Gorgebleue \u00e0 miroir (Luscinia svecica) est repr\u00e9sent\u00e9 ici avec les couleurs de son plumage nuptial de printemps. Il est timide et capable d\u2019imiter les chants de nombreuses esp\u00e8ces de oiseaux. Cet oiseau est en danger de disparition dans la campagne de la France orientale, surtout en Bourgogne et en Alsace.  TAILLE: 21cm x 14.8cm Disponible aussi en carte postale pli\u00e9e format A6 avec enveloppe en papier kraft - Carte en papier biod\u00e9gradable ensemenc\u00e9e (fleurs de champs).\" \/>\n<meta property=\"og:url\" content=\"https:\/\/www.thewildcharmfactory.com\/staging\/produit\/bluethroat-a5-print\/\" \/>\n<meta property=\"og:site_name\" content=\"The Wild Charm Factory\" \/>\n<meta property=\"og:image\" content=\"https:\/\/www.thewildcharmfactory.com\/staging\/wp-content\/uploads\/2021\/12\/scan010-R.jpg\" \/>\n\t<meta property=\"og:image:width\" content=\"1772\" \/>\n\t<meta property=\"og:image:height\" content=\"2363\" \/>\n\t<meta property=\"og:image:type\" content=\"image\/jpeg\" \/>\n<meta name=\"twitter:card\" content=\"summary_large_image\" \/>\n<script type=\"application\/ld+json\" class=\"yoast-schema-graph\">{\"@context\":\"https:\/\/schema.org\",\"@graph\":[{\"@type\":\"WebPage\",\"@id\":\"https:\/\/www.thewildcharmfactory.com\/staging\/produit\/bluethroat-a5-print\/\",\"url\":\"https:\/\/www.thewildcharmfactory.com\/staging\/produit\/bluethroat-a5-print\/\",\"name\":\"Gorgebleu \u00e0 miroir \u2013 Illustration A5 - The Wild Charm Factory\",\"isPartOf\":{\"@id\":\"https:\/\/www.thewildcharmfactory.com\/staging\/#website\"},\"datePublished\":\"2021-12-02T08:30:08+00:00\",\"dateModified\":\"2021-12-02T08:30:08+00:00\",\"breadcrumb\":{\"@id\":\"https:\/\/www.thewildcharmfactory.com\/staging\/produit\/bluethroat-a5-print\/#breadcrumb\"},\"inLanguage\":\"en-US\",\"potentialAction\":[{\"@type\":\"ReadAction\",\"target\":[\"https:\/\/www.thewildcharmfactory.com\/staging\/produit\/bluethroat-a5-print\/\"]}]},{\"@type\":\"BreadcrumbList\",\"@id\":\"https:\/\/www.thewildcharmfactory.com\/staging\/produit\/bluethroat-a5-print\/#breadcrumb\",\"itemListElement\":[{\"@type\":\"ListItem\",\"position\":1,\"name\":\"Home\",\"item\":\"https:\/\/www.thewildcharmfactory.com\/staging\/\"},{\"@type\":\"ListItem\",\"position\":2,\"name\":\"Shop\",\"item\":\"https:\/\/www.thewildcharmfactory.com\/staging\/shop\/\"},{\"@type\":\"ListItem\",\"position\":3,\"name\":\"Gorgebleu \u00e0 miroir \u2013 Illustration A5\"}]},{\"@type\":\"WebSite\",\"@id\":\"https:\/\/www.thewildcharmfactory.com\/staging\/#website\",\"url\":\"https:\/\/www.thewildcharmfactory.com\/staging\/\",\"name\":\"The Wild Charm Factory\",\"description\":\"The Wild Charm Factory\",\"publisher\":{\"@id\":\"https:\/\/www.thewildcharmfactory.com\/staging\/#organization\"},\"potentialAction\":[{\"@type\":\"SearchAction\",\"target\":{\"@type\":\"EntryPoint\",\"urlTemplate\":\"https:\/\/www.thewildcharmfactory.com\/staging\/?s={search_term_string}\"},\"query-input\":\"required name=search_term_string\"}],\"inLanguage\":\"en-US\"},{\"@type\":\"Organization\",\"@id\":\"https:\/\/www.thewildcharmfactory.com\/staging\/#organization\",\"name\":\"The Wild Charm Factory\",\"url\":\"https:\/\/www.thewildcharmfactory.com\/staging\/\",\"logo\":{\"@type\":\"ImageObject\",\"inLanguage\":\"en-US\",\"@id\":\"https:\/\/www.thewildcharmfactory.com\/staging\/#\/schema\/logo\/image\/\",\"url\":\"https:\/\/www.thewildcharmfactory.com\/wp-content\/uploads\/2021\/12\/logo-twcf-2.png\",\"contentUrl\":\"https:\/\/www.thewildcharmfactory.com\/wp-content\/uploads\/2021\/12\/logo-twcf-2.png\",\"width\":400,\"height\":335,\"caption\":\"The Wild Charm Factory\"},\"image\":{\"@id\":\"https:\/\/www.thewildcharmfactory.com\/staging\/#\/schema\/logo\/image\/\"},\"sameAs\":[\"https:\/\/www.instagram.com\/thewildcharmfactory\/\"]}]}<\/script>\n<!-- \/ Yoast SEO plugin. -->","yoast_head_json":{"title":"Gorgebleu \u00e0 miroir \u2013 Illustration A5 - The Wild Charm Factory","robots":{"index":"index","follow":"follow","max-snippet":"max-snippet:-1","max-image-preview":"max-image-preview:large","max-video-preview":"max-video-preview:-1"},"canonical":"https:\/\/www.thewildcharmfactory.com\/staging\/produit\/bluethroat-a5-print\/","og_locale":"en_US","og_type":"article","og_title":"Gorgebleu \u00e0 miroir \u2013 Illustration A5 - The Wild Charm Factory","og_description":"Reproduction sur papier fine art \u00e0 partir de l\u2019aquarelle originale de Silvana Olivo, le Gorgebleue \u00e0 miroir (Luscinia svecica) est repr\u00e9sent\u00e9 ici avec les couleurs de son plumage nuptial de printemps. Il est timide et capable d\u2019imiter les chants de nombreuses esp\u00e8ces de oiseaux. Cet oiseau est en danger de disparition dans la campagne de la France orientale, surtout en Bourgogne et en Alsace.  TAILLE: 21cm x 14.8cm Disponible aussi en carte postale pli\u00e9e format A6 avec enveloppe en papier kraft - Carte en papier biod\u00e9gradable ensemenc\u00e9e (fleurs de champs).","og_url":"https:\/\/www.thewildcharmfactory.com\/staging\/produit\/bluethroat-a5-print\/","og_site_name":"The Wild Charm Factory","og_image":[{"width":1772,"height":2363,"url":"https:\/\/www.thewildcharmfactory.com\/staging\/wp-content\/uploads\/2021\/12\/scan010-R.jpg","type":"image\/jpeg"}],"twitter_card":"summary_large_image","schema":{"@context":"https:\/\/schema.org","@graph":[{"@type":"WebPage","@id":"https:\/\/www.thewildcharmfactory.com\/staging\/produit\/bluethroat-a5-print\/","url":"https:\/\/www.thewildcharmfactory.com\/staging\/produit\/bluethroat-a5-print\/","name":"Gorgebleu \u00e0 miroir \u2013 Illustration A5 - The Wild Charm Factory","isPartOf":{"@id":"https:\/\/www.thewildcharmfactory.com\/staging\/#website"},"datePublished":"2021-12-02T08:30:08+00:00","dateModified":"2021-12-02T08:30:08+00:00","breadcrumb":{"@id":"https:\/\/www.thewildcharmfactory.com\/staging\/produit\/bluethroat-a5-print\/#breadcrumb"},"inLanguage":"en-US","potentialAction":[{"@type":"ReadAction","target":["https:\/\/www.thewildcharmfactory.com\/staging\/produit\/bluethroat-a5-print\/"]}]},{"@type":"BreadcrumbList","@id":"https:\/\/www.thewildcharmfactory.com\/staging\/produit\/bluethroat-a5-print\/#breadcrumb","itemListElement":[{"@type":"ListItem","position":1,"name":"Home","item":"https:\/\/www.thewildcharmfactory.com\/staging\/"},{"@type":"ListItem","position":2,"name":"Shop","item":"https:\/\/www.thewildcharmfactory.com\/staging\/shop\/"},{"@type":"ListItem","position":3,"name":"Gorgebleu \u00e0 miroir \u2013 Illustration A5"}]},{"@type":"WebSite","@id":"https:\/\/www.thewildcharmfactory.com\/staging\/#website","url":"https:\/\/www.thewildcharmfactory.com\/staging\/","name":"The Wild Charm Factory","description":"The Wild Charm Factory","publisher":{"@id":"https:\/\/www.thewildcharmfactory.com\/staging\/#organization"},"potentialAction":[{"@type":"SearchAction","target":{"@type":"EntryPoint","urlTemplate":"https:\/\/www.thewildcharmfactory.com\/staging\/?s={search_term_string}"},"query-input":"required name=search_term_string"}],"inLanguage":"en-US"},{"@type":"Organization","@id":"https:\/\/www.thewildcharmfactory.com\/staging\/#organization","name":"The Wild Charm Factory","url":"https:\/\/www.thewildcharmfactory.com\/staging\/","logo":{"@type":"ImageObject","inLanguage":"en-US","@id":"https:\/\/www.thewildcharmfactory.com\/staging\/#\/schema\/logo\/image\/","url":"https:\/\/www.thewildcharmfactory.com\/wp-content\/uploads\/2021\/12\/logo-twcf-2.png","contentUrl":"https:\/\/www.thewildcharmfactory.com\/wp-content\/uploads\/2021\/12\/logo-twcf-2.png","width":400,"height":335,"caption":"The Wild Charm Factory"},"image":{"@id":"https:\/\/www.thewildcharmfactory.com\/staging\/#\/schema\/logo\/image\/"},"sameAs":["https:\/\/www.instagram.com\/thewildcharmfactory\/"]}]}},"_links":{"self":[{"href":"https:\/\/www.thewildcharmfactory.com\/staging\/wp-json\/wp\/v2\/product\/695","targetHints":{"allow":["GET"]}}],"collection":[{"href":"https:\/\/www.thewildcharmfactory.com\/staging\/wp-json\/wp\/v2\/product"}],"about":[{"href":"https:\/\/www.thewildcharmfactory.com\/staging\/wp-json\/wp\/v2\/types\/product"}],"replies":[{"embeddable":true,"href":"https:\/\/www.thewildcharmfactory.com\/staging\/wp-json\/wp\/v2\/comments?post=695"}],"wp:featuredmedia":[{"embeddable":true,"href":"https:\/\/www.thewildcharmfactory.com\/staging\/wp-json\/wp\/v2\/media\/534"}],"wp:attachment":[{"href":"https:\/\/www.thewildcharmfactory.com\/staging\/wp-json\/wp\/v2\/media?parent=695"}],"wp:term":[{"taxonomy":"product_cat","embeddable":true,"href":"https:\/\/www.thewildcharmfactory.com\/staging\/wp-json\/wp\/v2\/product_cat?post=695"},{"taxonomy":"product_tag","embeddable":true,"href":"https:\/\/www.thewildcharmfactory.com\/staging\/wp-json\/wp\/v2\/product_tag?post=695"}],"curies":[{"name":"wp","href":"https:\/\/api.w.org\/{rel}","templated":true}]}}