{"id":692,"date":"2021-12-02T08:45:08","date_gmt":"2021-12-02T08:45:08","guid":{"rendered":"https:\/\/www.thewildcharmfactory.com\/product\/bague-en-argent-the-wild-charm-ailes-de-faucon\/"},"modified":"2021-12-02T08:45:08","modified_gmt":"2021-12-02T08:45:08","slug":"the-wild-charm-silver-ring-hawk-wings-2","status":"publish","type":"product","link":"https:\/\/www.thewildcharmfactory.com\/staging\/produit\/the-wild-charm-silver-ring-hawk-wings-2\/?lang=fr","title":{"rendered":"Bague en Argent The Wild Charm &#8211; Ailes de Faucon"},"content":{"rendered":"","protected":false},"excerpt":{"rendered":"<p>Nous avons con\u00e7u un bijou sp\u00e9cial en argent sterling et diamants d\u2019imitation noirs, rappelant les ailes grises \u00e0 pointes noires du busard cendr\u00e9 (male), un oiseau menac\u00e9. La bague et le bracelet manchette assorti contribuent \u00e0 sa sauvegarde. <\/p>\n<p><small><em>Veuillez noter que lorsque vous cliquez sur le bouton <strong>ACHETER<\/strong> pour ce produit vous serez redirig\u00e9 vers une URL externe appartenant \u00e0 https:\/\/www.desertdiamondsjewelry.com <\/em><\/small><\/p>\n","protected":false},"featured_media":537,"comment_status":"open","ping_status":"closed","template":"","meta":[],"product_cat":[64],"product_tag":[],"class_list":["post-692","product","type-product","status-publish","has-post-thumbnail","hentry","product_cat-wild-charm-bijoux"],"acf":[],"yoast_head":"<!-- This site is optimized with the Yoast SEO plugin v20.13 - https:\/\/yoast.com\/wordpress\/plugins\/seo\/ -->\n<title>Bague en Argent The Wild Charm - Ailes de Faucon - The Wild Charm Factory<\/title>\n<meta name=\"robots\" content=\"index, follow, max-snippet:-1, max-image-preview:large, max-video-preview:-1\" \/>\n<link rel=\"canonical\" href=\"https:\/\/www.thewildcharmfactory.com\/staging\/produit\/the-wild-charm-silver-ring-hawk-wings\/\" \/>\n<meta property=\"og:locale\" content=\"en_US\" \/>\n<meta property=\"og:type\" content=\"article\" \/>\n<meta property=\"og:title\" content=\"Bague en Argent The Wild Charm - Ailes de Faucon - The Wild Charm Factory\" \/>\n<meta property=\"og:description\" content=\"Nous avons con\u00e7u un bijou sp\u00e9cial en argent sterling et diamants d\u2019imitation noirs, rappelant les ailes grises \u00e0 pointes noires du busard cendr\u00e9 (male), un oiseau menac\u00e9. La bague et le bracelet manchette assorti contribuent \u00e0 sa sauvegarde.  Veuillez noter que lorsque vous cliquez sur le bouton ACHETER pour ce produit vous serez redirig\u00e9 vers une URL externe appartenant \u00e0 https:\/\/www.desertdiamondsjewelry.com\" \/>\n<meta property=\"og:url\" content=\"https:\/\/www.thewildcharmfactory.com\/staging\/produit\/the-wild-charm-silver-ring-hawk-wings\/\" \/>\n<meta property=\"og:site_name\" content=\"The Wild Charm Factory\" \/>\n<meta property=\"og:image\" content=\"https:\/\/www.thewildcharmfactory.com\/staging\/wp-content\/uploads\/2021\/12\/hawk-wings-ring.jpg\" \/>\n\t<meta property=\"og:image:width\" content=\"1024\" \/>\n\t<meta property=\"og:image:height\" content=\"576\" \/>\n\t<meta property=\"og:image:type\" content=\"image\/jpeg\" \/>\n<meta name=\"twitter:card\" content=\"summary_large_image\" \/>\n<script type=\"application\/ld+json\" class=\"yoast-schema-graph\">{\"@context\":\"https:\/\/schema.org\",\"@graph\":[{\"@type\":\"WebPage\",\"@id\":\"https:\/\/www.thewildcharmfactory.com\/staging\/produit\/the-wild-charm-silver-ring-hawk-wings\/\",\"url\":\"https:\/\/www.thewildcharmfactory.com\/staging\/produit\/the-wild-charm-silver-ring-hawk-wings\/\",\"name\":\"Bague en Argent The Wild Charm - Ailes de Faucon - The Wild Charm Factory\",\"isPartOf\":{\"@id\":\"https:\/\/www.thewildcharmfactory.com\/staging\/#website\"},\"datePublished\":\"2021-12-02T08:45:08+00:00\",\"dateModified\":\"2021-12-02T08:45:08+00:00\",\"breadcrumb\":{\"@id\":\"https:\/\/www.thewildcharmfactory.com\/staging\/produit\/the-wild-charm-silver-ring-hawk-wings\/#breadcrumb\"},\"inLanguage\":\"en-US\",\"potentialAction\":[{\"@type\":\"ReadAction\",\"target\":[\"https:\/\/www.thewildcharmfactory.com\/staging\/produit\/the-wild-charm-silver-ring-hawk-wings\/\"]}]},{\"@type\":\"BreadcrumbList\",\"@id\":\"https:\/\/www.thewildcharmfactory.com\/staging\/produit\/the-wild-charm-silver-ring-hawk-wings\/#breadcrumb\",\"itemListElement\":[{\"@type\":\"ListItem\",\"position\":1,\"name\":\"Home\",\"item\":\"https:\/\/www.thewildcharmfactory.com\/staging\/\"},{\"@type\":\"ListItem\",\"position\":2,\"name\":\"Shop\",\"item\":\"https:\/\/www.thewildcharmfactory.com\/staging\/shop\/\"},{\"@type\":\"ListItem\",\"position\":3,\"name\":\"Bague en Argent The Wild Charm &#8211; Ailes de Faucon\"}]},{\"@type\":\"WebSite\",\"@id\":\"https:\/\/www.thewildcharmfactory.com\/staging\/#website\",\"url\":\"https:\/\/www.thewildcharmfactory.com\/staging\/\",\"name\":\"The Wild Charm Factory\",\"description\":\"The Wild Charm Factory\",\"publisher\":{\"@id\":\"https:\/\/www.thewildcharmfactory.com\/staging\/#organization\"},\"potentialAction\":[{\"@type\":\"SearchAction\",\"target\":{\"@type\":\"EntryPoint\",\"urlTemplate\":\"https:\/\/www.thewildcharmfactory.com\/staging\/?s={search_term_string}\"},\"query-input\":\"required name=search_term_string\"}],\"inLanguage\":\"en-US\"},{\"@type\":\"Organization\",\"@id\":\"https:\/\/www.thewildcharmfactory.com\/staging\/#organization\",\"name\":\"The Wild Charm Factory\",\"url\":\"https:\/\/www.thewildcharmfactory.com\/staging\/\",\"logo\":{\"@type\":\"ImageObject\",\"inLanguage\":\"en-US\",\"@id\":\"https:\/\/www.thewildcharmfactory.com\/staging\/#\/schema\/logo\/image\/\",\"url\":\"https:\/\/www.thewildcharmfactory.com\/wp-content\/uploads\/2021\/12\/logo-twcf-2.png\",\"contentUrl\":\"https:\/\/www.thewildcharmfactory.com\/wp-content\/uploads\/2021\/12\/logo-twcf-2.png\",\"width\":400,\"height\":335,\"caption\":\"The Wild Charm Factory\"},\"image\":{\"@id\":\"https:\/\/www.thewildcharmfactory.com\/staging\/#\/schema\/logo\/image\/\"},\"sameAs\":[\"https:\/\/www.instagram.com\/thewildcharmfactory\/\"]}]}<\/script>\n<!-- \/ Yoast SEO plugin. -->","yoast_head_json":{"title":"Bague en Argent The Wild Charm - Ailes de Faucon - The Wild Charm Factory","robots":{"index":"index","follow":"follow","max-snippet":"max-snippet:-1","max-image-preview":"max-image-preview:large","max-video-preview":"max-video-preview:-1"},"canonical":"https:\/\/www.thewildcharmfactory.com\/staging\/produit\/the-wild-charm-silver-ring-hawk-wings\/","og_locale":"en_US","og_type":"article","og_title":"Bague en Argent The Wild Charm - Ailes de Faucon - The Wild Charm Factory","og_description":"Nous avons con\u00e7u un bijou sp\u00e9cial en argent sterling et diamants d\u2019imitation noirs, rappelant les ailes grises \u00e0 pointes noires du busard cendr\u00e9 (male), un oiseau menac\u00e9. La bague et le bracelet manchette assorti contribuent \u00e0 sa sauvegarde.  Veuillez noter que lorsque vous cliquez sur le bouton ACHETER pour ce produit vous serez redirig\u00e9 vers une URL externe appartenant \u00e0 https:\/\/www.desertdiamondsjewelry.com","og_url":"https:\/\/www.thewildcharmfactory.com\/staging\/produit\/the-wild-charm-silver-ring-hawk-wings\/","og_site_name":"The Wild Charm Factory","og_image":[{"width":1024,"height":576,"url":"https:\/\/www.thewildcharmfactory.com\/staging\/wp-content\/uploads\/2021\/12\/hawk-wings-ring.jpg","type":"image\/jpeg"}],"twitter_card":"summary_large_image","schema":{"@context":"https:\/\/schema.org","@graph":[{"@type":"WebPage","@id":"https:\/\/www.thewildcharmfactory.com\/staging\/produit\/the-wild-charm-silver-ring-hawk-wings\/","url":"https:\/\/www.thewildcharmfactory.com\/staging\/produit\/the-wild-charm-silver-ring-hawk-wings\/","name":"Bague en Argent The Wild Charm - Ailes de Faucon - The Wild Charm Factory","isPartOf":{"@id":"https:\/\/www.thewildcharmfactory.com\/staging\/#website"},"datePublished":"2021-12-02T08:45:08+00:00","dateModified":"2021-12-02T08:45:08+00:00","breadcrumb":{"@id":"https:\/\/www.thewildcharmfactory.com\/staging\/produit\/the-wild-charm-silver-ring-hawk-wings\/#breadcrumb"},"inLanguage":"en-US","potentialAction":[{"@type":"ReadAction","target":["https:\/\/www.thewildcharmfactory.com\/staging\/produit\/the-wild-charm-silver-ring-hawk-wings\/"]}]},{"@type":"BreadcrumbList","@id":"https:\/\/www.thewildcharmfactory.com\/staging\/produit\/the-wild-charm-silver-ring-hawk-wings\/#breadcrumb","itemListElement":[{"@type":"ListItem","position":1,"name":"Home","item":"https:\/\/www.thewildcharmfactory.com\/staging\/"},{"@type":"ListItem","position":2,"name":"Shop","item":"https:\/\/www.thewildcharmfactory.com\/staging\/shop\/"},{"@type":"ListItem","position":3,"name":"Bague en Argent The Wild Charm &#8211; Ailes de Faucon"}]},{"@type":"WebSite","@id":"https:\/\/www.thewildcharmfactory.com\/staging\/#website","url":"https:\/\/www.thewildcharmfactory.com\/staging\/","name":"The Wild Charm Factory","description":"The Wild Charm Factory","publisher":{"@id":"https:\/\/www.thewildcharmfactory.com\/staging\/#organization"},"potentialAction":[{"@type":"SearchAction","target":{"@type":"EntryPoint","urlTemplate":"https:\/\/www.thewildcharmfactory.com\/staging\/?s={search_term_string}"},"query-input":"required name=search_term_string"}],"inLanguage":"en-US"},{"@type":"Organization","@id":"https:\/\/www.thewildcharmfactory.com\/staging\/#organization","name":"The Wild Charm Factory","url":"https:\/\/www.thewildcharmfactory.com\/staging\/","logo":{"@type":"ImageObject","inLanguage":"en-US","@id":"https:\/\/www.thewildcharmfactory.com\/staging\/#\/schema\/logo\/image\/","url":"https:\/\/www.thewildcharmfactory.com\/wp-content\/uploads\/2021\/12\/logo-twcf-2.png","contentUrl":"https:\/\/www.thewildcharmfactory.com\/wp-content\/uploads\/2021\/12\/logo-twcf-2.png","width":400,"height":335,"caption":"The Wild Charm Factory"},"image":{"@id":"https:\/\/www.thewildcharmfactory.com\/staging\/#\/schema\/logo\/image\/"},"sameAs":["https:\/\/www.instagram.com\/thewildcharmfactory\/"]}]}},"_links":{"self":[{"href":"https:\/\/www.thewildcharmfactory.com\/staging\/wp-json\/wp\/v2\/product\/692","targetHints":{"allow":["GET"]}}],"collection":[{"href":"https:\/\/www.thewildcharmfactory.com\/staging\/wp-json\/wp\/v2\/product"}],"about":[{"href":"https:\/\/www.thewildcharmfactory.com\/staging\/wp-json\/wp\/v2\/types\/product"}],"replies":[{"embeddable":true,"href":"https:\/\/www.thewildcharmfactory.com\/staging\/wp-json\/wp\/v2\/comments?post=692"}],"wp:featuredmedia":[{"embeddable":true,"href":"https:\/\/www.thewildcharmfactory.com\/staging\/wp-json\/wp\/v2\/media\/537"}],"wp:attachment":[{"href":"https:\/\/www.thewildcharmfactory.com\/staging\/wp-json\/wp\/v2\/media?parent=692"}],"wp:term":[{"taxonomy":"product_cat","embeddable":true,"href":"https:\/\/www.thewildcharmfactory.com\/staging\/wp-json\/wp\/v2\/product_cat?post=692"},{"taxonomy":"product_tag","embeddable":true,"href":"https:\/\/www.thewildcharmfactory.com\/staging\/wp-json\/wp\/v2\/product_tag?post=692"}],"curies":[{"name":"wp","href":"https:\/\/api.w.org\/{rel}","templated":true}]}}