{"id":690,"date":"2021-12-02T08:57:55","date_gmt":"2021-12-02T08:57:55","guid":{"rendered":"https:\/\/www.thewildcharmfactory.com\/product\/bracelet-a-maillons-en-argent-pour-charms-the-wild-charm\/"},"modified":"2021-12-02T08:57:55","modified_gmt":"2021-12-02T08:57:55","slug":"the-wild-charm-silver-link-bracelet-for-charms-2","status":"publish","type":"product","link":"https:\/\/www.thewildcharmfactory.com\/staging\/produit\/the-wild-charm-silver-link-bracelet-for-charms-2\/?lang=fr","title":{"rendered":"Bracelet \u00e0 Maillons en Argent pour Charms The Wild Charm"},"content":{"rendered":"","protected":false},"excerpt":{"rendered":"<p>Le bracelet \u00e0 maillons The Wild Charm en argent pour charms est un bracelet \u00e0 maillons \u00e9l\u00e9gant, en argent sterling plaqu\u00e9 rhodium, pour porter et admirer votre collection de Wild Charms.<\/p>\n<p><small><em>Veuillez noter que lorsque vous cliquez sur le bouton <strong>ACHETER<\/strong> pour ce produit vous serez redirig\u00e9 vers une URL externe appartenant \u00e0 https:\/\/www.desertdiamondsjewelry.com <\/em><\/small><\/p>\n","protected":false},"featured_media":541,"comment_status":"open","ping_status":"closed","template":"","meta":[],"product_cat":[64],"product_tag":[],"class_list":["post-690","product","type-product","status-publish","has-post-thumbnail","hentry","product_cat-wild-charm-bijoux"],"acf":[],"yoast_head":"<!-- This site is optimized with the Yoast SEO plugin v20.13 - https:\/\/yoast.com\/wordpress\/plugins\/seo\/ -->\n<title>Bracelet \u00e0 Maillons en Argent pour Charms The Wild Charm - The Wild Charm Factory<\/title>\n<meta name=\"robots\" content=\"index, follow, max-snippet:-1, max-image-preview:large, max-video-preview:-1\" \/>\n<link rel=\"canonical\" href=\"https:\/\/www.thewildcharmfactory.com\/staging\/produit\/the-wild-charm-silver-link-bracelet-for-charms\/\" \/>\n<meta property=\"og:locale\" content=\"en_US\" \/>\n<meta property=\"og:type\" content=\"article\" \/>\n<meta property=\"og:title\" content=\"Bracelet \u00e0 Maillons en Argent pour Charms The Wild Charm - The Wild Charm Factory\" \/>\n<meta property=\"og:description\" content=\"Le bracelet \u00e0 maillons The Wild Charm en argent pour charms est un bracelet \u00e0 maillons \u00e9l\u00e9gant, en argent sterling plaqu\u00e9 rhodium, pour porter et admirer votre collection de Wild Charms. Veuillez noter que lorsque vous cliquez sur le bouton ACHETER pour ce produit vous serez redirig\u00e9 vers une URL externe appartenant \u00e0 https:\/\/www.desertdiamondsjewelry.com\" \/>\n<meta property=\"og:url\" content=\"https:\/\/www.thewildcharmfactory.com\/staging\/produit\/the-wild-charm-silver-link-bracelet-for-charms\/\" \/>\n<meta property=\"og:site_name\" content=\"The Wild Charm Factory\" \/>\n<meta property=\"og:image\" content=\"https:\/\/www.thewildcharmfactory.com\/staging\/wp-content\/uploads\/2021\/12\/silver-link-bracelet.jpg\" \/>\n\t<meta property=\"og:image:width\" content=\"600\" \/>\n\t<meta property=\"og:image:height\" content=\"600\" \/>\n\t<meta property=\"og:image:type\" content=\"image\/jpeg\" \/>\n<meta name=\"twitter:card\" content=\"summary_large_image\" \/>\n<script type=\"application\/ld+json\" class=\"yoast-schema-graph\">{\"@context\":\"https:\/\/schema.org\",\"@graph\":[{\"@type\":\"WebPage\",\"@id\":\"https:\/\/www.thewildcharmfactory.com\/staging\/produit\/the-wild-charm-silver-link-bracelet-for-charms\/\",\"url\":\"https:\/\/www.thewildcharmfactory.com\/staging\/produit\/the-wild-charm-silver-link-bracelet-for-charms\/\",\"name\":\"Bracelet \u00e0 Maillons en Argent pour Charms The Wild Charm - The Wild Charm Factory\",\"isPartOf\":{\"@id\":\"https:\/\/www.thewildcharmfactory.com\/staging\/#website\"},\"datePublished\":\"2021-12-02T08:57:55+00:00\",\"dateModified\":\"2021-12-02T08:57:55+00:00\",\"breadcrumb\":{\"@id\":\"https:\/\/www.thewildcharmfactory.com\/staging\/produit\/the-wild-charm-silver-link-bracelet-for-charms\/#breadcrumb\"},\"inLanguage\":\"en-US\",\"potentialAction\":[{\"@type\":\"ReadAction\",\"target\":[\"https:\/\/www.thewildcharmfactory.com\/staging\/produit\/the-wild-charm-silver-link-bracelet-for-charms\/\"]}]},{\"@type\":\"BreadcrumbList\",\"@id\":\"https:\/\/www.thewildcharmfactory.com\/staging\/produit\/the-wild-charm-silver-link-bracelet-for-charms\/#breadcrumb\",\"itemListElement\":[{\"@type\":\"ListItem\",\"position\":1,\"name\":\"Home\",\"item\":\"https:\/\/www.thewildcharmfactory.com\/staging\/\"},{\"@type\":\"ListItem\",\"position\":2,\"name\":\"Shop\",\"item\":\"https:\/\/www.thewildcharmfactory.com\/staging\/shop\/\"},{\"@type\":\"ListItem\",\"position\":3,\"name\":\"Bracelet \u00e0 Maillons en Argent pour Charms The Wild Charm\"}]},{\"@type\":\"WebSite\",\"@id\":\"https:\/\/www.thewildcharmfactory.com\/staging\/#website\",\"url\":\"https:\/\/www.thewildcharmfactory.com\/staging\/\",\"name\":\"The Wild Charm Factory\",\"description\":\"The Wild Charm Factory\",\"publisher\":{\"@id\":\"https:\/\/www.thewildcharmfactory.com\/staging\/#organization\"},\"potentialAction\":[{\"@type\":\"SearchAction\",\"target\":{\"@type\":\"EntryPoint\",\"urlTemplate\":\"https:\/\/www.thewildcharmfactory.com\/staging\/?s={search_term_string}\"},\"query-input\":\"required name=search_term_string\"}],\"inLanguage\":\"en-US\"},{\"@type\":\"Organization\",\"@id\":\"https:\/\/www.thewildcharmfactory.com\/staging\/#organization\",\"name\":\"The Wild Charm Factory\",\"url\":\"https:\/\/www.thewildcharmfactory.com\/staging\/\",\"logo\":{\"@type\":\"ImageObject\",\"inLanguage\":\"en-US\",\"@id\":\"https:\/\/www.thewildcharmfactory.com\/staging\/#\/schema\/logo\/image\/\",\"url\":\"https:\/\/www.thewildcharmfactory.com\/wp-content\/uploads\/2021\/12\/logo-twcf-2.png\",\"contentUrl\":\"https:\/\/www.thewildcharmfactory.com\/wp-content\/uploads\/2021\/12\/logo-twcf-2.png\",\"width\":400,\"height\":335,\"caption\":\"The Wild Charm Factory\"},\"image\":{\"@id\":\"https:\/\/www.thewildcharmfactory.com\/staging\/#\/schema\/logo\/image\/\"},\"sameAs\":[\"https:\/\/www.instagram.com\/thewildcharmfactory\/\"]}]}<\/script>\n<!-- \/ Yoast SEO plugin. -->","yoast_head_json":{"title":"Bracelet \u00e0 Maillons en Argent pour Charms The Wild Charm - The Wild Charm Factory","robots":{"index":"index","follow":"follow","max-snippet":"max-snippet:-1","max-image-preview":"max-image-preview:large","max-video-preview":"max-video-preview:-1"},"canonical":"https:\/\/www.thewildcharmfactory.com\/staging\/produit\/the-wild-charm-silver-link-bracelet-for-charms\/","og_locale":"en_US","og_type":"article","og_title":"Bracelet \u00e0 Maillons en Argent pour Charms The Wild Charm - The Wild Charm Factory","og_description":"Le bracelet \u00e0 maillons The Wild Charm en argent pour charms est un bracelet \u00e0 maillons \u00e9l\u00e9gant, en argent sterling plaqu\u00e9 rhodium, pour porter et admirer votre collection de Wild Charms. Veuillez noter que lorsque vous cliquez sur le bouton ACHETER pour ce produit vous serez redirig\u00e9 vers une URL externe appartenant \u00e0 https:\/\/www.desertdiamondsjewelry.com","og_url":"https:\/\/www.thewildcharmfactory.com\/staging\/produit\/the-wild-charm-silver-link-bracelet-for-charms\/","og_site_name":"The Wild Charm Factory","og_image":[{"width":600,"height":600,"url":"https:\/\/www.thewildcharmfactory.com\/staging\/wp-content\/uploads\/2021\/12\/silver-link-bracelet.jpg","type":"image\/jpeg"}],"twitter_card":"summary_large_image","schema":{"@context":"https:\/\/schema.org","@graph":[{"@type":"WebPage","@id":"https:\/\/www.thewildcharmfactory.com\/staging\/produit\/the-wild-charm-silver-link-bracelet-for-charms\/","url":"https:\/\/www.thewildcharmfactory.com\/staging\/produit\/the-wild-charm-silver-link-bracelet-for-charms\/","name":"Bracelet \u00e0 Maillons en Argent pour Charms The Wild Charm - The Wild Charm Factory","isPartOf":{"@id":"https:\/\/www.thewildcharmfactory.com\/staging\/#website"},"datePublished":"2021-12-02T08:57:55+00:00","dateModified":"2021-12-02T08:57:55+00:00","breadcrumb":{"@id":"https:\/\/www.thewildcharmfactory.com\/staging\/produit\/the-wild-charm-silver-link-bracelet-for-charms\/#breadcrumb"},"inLanguage":"en-US","potentialAction":[{"@type":"ReadAction","target":["https:\/\/www.thewildcharmfactory.com\/staging\/produit\/the-wild-charm-silver-link-bracelet-for-charms\/"]}]},{"@type":"BreadcrumbList","@id":"https:\/\/www.thewildcharmfactory.com\/staging\/produit\/the-wild-charm-silver-link-bracelet-for-charms\/#breadcrumb","itemListElement":[{"@type":"ListItem","position":1,"name":"Home","item":"https:\/\/www.thewildcharmfactory.com\/staging\/"},{"@type":"ListItem","position":2,"name":"Shop","item":"https:\/\/www.thewildcharmfactory.com\/staging\/shop\/"},{"@type":"ListItem","position":3,"name":"Bracelet \u00e0 Maillons en Argent pour Charms The Wild Charm"}]},{"@type":"WebSite","@id":"https:\/\/www.thewildcharmfactory.com\/staging\/#website","url":"https:\/\/www.thewildcharmfactory.com\/staging\/","name":"The Wild Charm Factory","description":"The Wild Charm Factory","publisher":{"@id":"https:\/\/www.thewildcharmfactory.com\/staging\/#organization"},"potentialAction":[{"@type":"SearchAction","target":{"@type":"EntryPoint","urlTemplate":"https:\/\/www.thewildcharmfactory.com\/staging\/?s={search_term_string}"},"query-input":"required name=search_term_string"}],"inLanguage":"en-US"},{"@type":"Organization","@id":"https:\/\/www.thewildcharmfactory.com\/staging\/#organization","name":"The Wild Charm Factory","url":"https:\/\/www.thewildcharmfactory.com\/staging\/","logo":{"@type":"ImageObject","inLanguage":"en-US","@id":"https:\/\/www.thewildcharmfactory.com\/staging\/#\/schema\/logo\/image\/","url":"https:\/\/www.thewildcharmfactory.com\/wp-content\/uploads\/2021\/12\/logo-twcf-2.png","contentUrl":"https:\/\/www.thewildcharmfactory.com\/wp-content\/uploads\/2021\/12\/logo-twcf-2.png","width":400,"height":335,"caption":"The Wild Charm Factory"},"image":{"@id":"https:\/\/www.thewildcharmfactory.com\/staging\/#\/schema\/logo\/image\/"},"sameAs":["https:\/\/www.instagram.com\/thewildcharmfactory\/"]}]}},"_links":{"self":[{"href":"https:\/\/www.thewildcharmfactory.com\/staging\/wp-json\/wp\/v2\/product\/690","targetHints":{"allow":["GET"]}}],"collection":[{"href":"https:\/\/www.thewildcharmfactory.com\/staging\/wp-json\/wp\/v2\/product"}],"about":[{"href":"https:\/\/www.thewildcharmfactory.com\/staging\/wp-json\/wp\/v2\/types\/product"}],"replies":[{"embeddable":true,"href":"https:\/\/www.thewildcharmfactory.com\/staging\/wp-json\/wp\/v2\/comments?post=690"}],"wp:featuredmedia":[{"embeddable":true,"href":"https:\/\/www.thewildcharmfactory.com\/staging\/wp-json\/wp\/v2\/media\/541"}],"wp:attachment":[{"href":"https:\/\/www.thewildcharmfactory.com\/staging\/wp-json\/wp\/v2\/media?parent=690"}],"wp:term":[{"taxonomy":"product_cat","embeddable":true,"href":"https:\/\/www.thewildcharmfactory.com\/staging\/wp-json\/wp\/v2\/product_cat?post=690"},{"taxonomy":"product_tag","embeddable":true,"href":"https:\/\/www.thewildcharmfactory.com\/staging\/wp-json\/wp\/v2\/product_tag?post=690"}],"curies":[{"name":"wp","href":"https:\/\/api.w.org\/{rel}","templated":true}]}}