{"id":689,"date":"2021-12-02T08:56:25","date_gmt":"2021-12-02T08:56:25","guid":{"rendered":"https:\/\/www.thewildcharmfactory.com\/product\/charm-en-argent-the-wild-charm-pomme-de-pin\/"},"modified":"2021-12-02T08:56:25","modified_gmt":"2021-12-02T08:56:25","slug":"the-wild-charm-silver-charm-pine-cone-2","status":"publish","type":"product","link":"https:\/\/www.thewildcharmfactory.com\/staging\/produit\/the-wild-charm-silver-charm-pine-cone-2\/?lang=fr","title":{"rendered":"Charm en Argent The Wild Charm \u2013 Pomme de pin"},"content":{"rendered":"","protected":false},"excerpt":{"rendered":"<p>Le Charm Pomme de Pin est inspir\u00e9 par la beaut\u00e9 de la Foret de la Chartreuse dans les Pr\u00e9alpes fran\u00e7aises. Ceci est le premier charm de notre collection de charms en argent sterling plaqu\u00e9 rhodium, inspir\u00e9s par la Nature : chacun d\u2019entre eux a \u00e9t\u00e9 cr\u00e9\u00e9 avec amour pour repr\u00e9senter un \u2018Chapitre Sauvage\u2019, qui comprend une magnifique r\u00e9gion naturelle et ses esp\u00e8ces rares. Chacun des Wild Charms est accompagn\u00e9 par le Disque Ovale en argent plaqu\u00e9 or blanc pr\u00e9sentant notre Demoiselle. Le fermoir rattache le charm facilement et en toute s\u00e9curit\u00e9 \u00e0 nos bracelets \u00e0 maillons modernes en argent.    <\/p>\n<p><small><em>Veuillez noter que lorsque vous cliquez sur le bouton <strong>ACHETER<\/strong> pour ce produit vous serez redirig\u00e9 vers une URL externe appartenant \u00e0 https:\/\/www.desertdiamondsjewelry.com <\/em><\/small><\/p>\n","protected":false},"featured_media":540,"comment_status":"open","ping_status":"closed","template":"","meta":[],"product_cat":[64],"product_tag":[],"class_list":["post-689","product","type-product","status-publish","has-post-thumbnail","hentry","product_cat-wild-charm-bijoux"],"acf":[],"yoast_head":"<!-- This site is optimized with the Yoast SEO plugin v20.13 - https:\/\/yoast.com\/wordpress\/plugins\/seo\/ -->\n<title>Charm en Argent The Wild Charm \u2013 Pomme de pin - The Wild Charm Factory<\/title>\n<meta name=\"robots\" content=\"index, follow, max-snippet:-1, max-image-preview:large, max-video-preview:-1\" \/>\n<link rel=\"canonical\" href=\"https:\/\/www.thewildcharmfactory.com\/staging\/produit\/the-wild-charm-silver-charm-pine-cone\/\" \/>\n<meta property=\"og:locale\" content=\"en_US\" \/>\n<meta property=\"og:type\" content=\"article\" \/>\n<meta property=\"og:title\" content=\"Charm en Argent The Wild Charm \u2013 Pomme de pin - The Wild Charm Factory\" \/>\n<meta property=\"og:description\" content=\"Le Charm Pomme de Pin est inspir\u00e9 par la beaut\u00e9 de la Foret de la Chartreuse dans les Pr\u00e9alpes fran\u00e7aises. Ceci est le premier charm de notre collection de charms en argent sterling plaqu\u00e9 rhodium, inspir\u00e9s par la Nature : chacun d\u2019entre eux a \u00e9t\u00e9 cr\u00e9\u00e9 avec amour pour repr\u00e9senter un \u2018Chapitre Sauvage\u2019, qui comprend une magnifique r\u00e9gion naturelle et ses esp\u00e8ces rares. Chacun des Wild Charms est accompagn\u00e9 par le Disque Ovale en argent plaqu\u00e9 or blanc pr\u00e9sentant notre Demoiselle. Le fermoir rattache le charm facilement et en toute s\u00e9curit\u00e9 \u00e0 nos bracelets \u00e0 maillons modernes en argent.   Veuillez noter que lorsque vous cliquez sur le bouton ACHETER pour ce produit vous serez redirig\u00e9 vers une URL externe appartenant \u00e0 https:\/\/www.desertdiamondsjewelry.com\" \/>\n<meta property=\"og:url\" content=\"https:\/\/www.thewildcharmfactory.com\/staging\/produit\/the-wild-charm-silver-charm-pine-cone\/\" \/>\n<meta property=\"og:site_name\" content=\"The Wild Charm Factory\" \/>\n<meta property=\"og:image\" content=\"https:\/\/www.thewildcharmfactory.com\/staging\/wp-content\/uploads\/2021\/12\/the-pine-cone-charm.jpg\" \/>\n\t<meta property=\"og:image:width\" content=\"500\" \/>\n\t<meta property=\"og:image:height\" content=\"500\" \/>\n\t<meta property=\"og:image:type\" content=\"image\/jpeg\" \/>\n<meta name=\"twitter:card\" content=\"summary_large_image\" \/>\n<script type=\"application\/ld+json\" class=\"yoast-schema-graph\">{\"@context\":\"https:\/\/schema.org\",\"@graph\":[{\"@type\":\"WebPage\",\"@id\":\"https:\/\/www.thewildcharmfactory.com\/staging\/produit\/the-wild-charm-silver-charm-pine-cone\/\",\"url\":\"https:\/\/www.thewildcharmfactory.com\/staging\/produit\/the-wild-charm-silver-charm-pine-cone\/\",\"name\":\"Charm en Argent The Wild Charm \u2013 Pomme de pin - The Wild Charm Factory\",\"isPartOf\":{\"@id\":\"https:\/\/www.thewildcharmfactory.com\/staging\/#website\"},\"datePublished\":\"2021-12-02T08:56:25+00:00\",\"dateModified\":\"2021-12-02T08:56:25+00:00\",\"breadcrumb\":{\"@id\":\"https:\/\/www.thewildcharmfactory.com\/staging\/produit\/the-wild-charm-silver-charm-pine-cone\/#breadcrumb\"},\"inLanguage\":\"en-US\",\"potentialAction\":[{\"@type\":\"ReadAction\",\"target\":[\"https:\/\/www.thewildcharmfactory.com\/staging\/produit\/the-wild-charm-silver-charm-pine-cone\/\"]}]},{\"@type\":\"BreadcrumbList\",\"@id\":\"https:\/\/www.thewildcharmfactory.com\/staging\/produit\/the-wild-charm-silver-charm-pine-cone\/#breadcrumb\",\"itemListElement\":[{\"@type\":\"ListItem\",\"position\":1,\"name\":\"Home\",\"item\":\"https:\/\/www.thewildcharmfactory.com\/staging\/\"},{\"@type\":\"ListItem\",\"position\":2,\"name\":\"Shop\",\"item\":\"https:\/\/www.thewildcharmfactory.com\/staging\/shop\/\"},{\"@type\":\"ListItem\",\"position\":3,\"name\":\"Charm en Argent The Wild Charm \u2013 Pomme de pin\"}]},{\"@type\":\"WebSite\",\"@id\":\"https:\/\/www.thewildcharmfactory.com\/staging\/#website\",\"url\":\"https:\/\/www.thewildcharmfactory.com\/staging\/\",\"name\":\"The Wild Charm Factory\",\"description\":\"The Wild Charm Factory\",\"publisher\":{\"@id\":\"https:\/\/www.thewildcharmfactory.com\/staging\/#organization\"},\"potentialAction\":[{\"@type\":\"SearchAction\",\"target\":{\"@type\":\"EntryPoint\",\"urlTemplate\":\"https:\/\/www.thewildcharmfactory.com\/staging\/?s={search_term_string}\"},\"query-input\":\"required name=search_term_string\"}],\"inLanguage\":\"en-US\"},{\"@type\":\"Organization\",\"@id\":\"https:\/\/www.thewildcharmfactory.com\/staging\/#organization\",\"name\":\"The Wild Charm Factory\",\"url\":\"https:\/\/www.thewildcharmfactory.com\/staging\/\",\"logo\":{\"@type\":\"ImageObject\",\"inLanguage\":\"en-US\",\"@id\":\"https:\/\/www.thewildcharmfactory.com\/staging\/#\/schema\/logo\/image\/\",\"url\":\"https:\/\/www.thewildcharmfactory.com\/wp-content\/uploads\/2021\/12\/logo-twcf-2.png\",\"contentUrl\":\"https:\/\/www.thewildcharmfactory.com\/wp-content\/uploads\/2021\/12\/logo-twcf-2.png\",\"width\":400,\"height\":335,\"caption\":\"The Wild Charm Factory\"},\"image\":{\"@id\":\"https:\/\/www.thewildcharmfactory.com\/staging\/#\/schema\/logo\/image\/\"},\"sameAs\":[\"https:\/\/www.instagram.com\/thewildcharmfactory\/\"]}]}<\/script>\n<!-- \/ Yoast SEO plugin. -->","yoast_head_json":{"title":"Charm en Argent The Wild Charm \u2013 Pomme de pin - The Wild Charm Factory","robots":{"index":"index","follow":"follow","max-snippet":"max-snippet:-1","max-image-preview":"max-image-preview:large","max-video-preview":"max-video-preview:-1"},"canonical":"https:\/\/www.thewildcharmfactory.com\/staging\/produit\/the-wild-charm-silver-charm-pine-cone\/","og_locale":"en_US","og_type":"article","og_title":"Charm en Argent The Wild Charm \u2013 Pomme de pin - The Wild Charm Factory","og_description":"Le Charm Pomme de Pin est inspir\u00e9 par la beaut\u00e9 de la Foret de la Chartreuse dans les Pr\u00e9alpes fran\u00e7aises. Ceci est le premier charm de notre collection de charms en argent sterling plaqu\u00e9 rhodium, inspir\u00e9s par la Nature : chacun d\u2019entre eux a \u00e9t\u00e9 cr\u00e9\u00e9 avec amour pour repr\u00e9senter un \u2018Chapitre Sauvage\u2019, qui comprend une magnifique r\u00e9gion naturelle et ses esp\u00e8ces rares. Chacun des Wild Charms est accompagn\u00e9 par le Disque Ovale en argent plaqu\u00e9 or blanc pr\u00e9sentant notre Demoiselle. Le fermoir rattache le charm facilement et en toute s\u00e9curit\u00e9 \u00e0 nos bracelets \u00e0 maillons modernes en argent.   Veuillez noter que lorsque vous cliquez sur le bouton ACHETER pour ce produit vous serez redirig\u00e9 vers une URL externe appartenant \u00e0 https:\/\/www.desertdiamondsjewelry.com","og_url":"https:\/\/www.thewildcharmfactory.com\/staging\/produit\/the-wild-charm-silver-charm-pine-cone\/","og_site_name":"The Wild Charm Factory","og_image":[{"width":500,"height":500,"url":"https:\/\/www.thewildcharmfactory.com\/staging\/wp-content\/uploads\/2021\/12\/the-pine-cone-charm.jpg","type":"image\/jpeg"}],"twitter_card":"summary_large_image","schema":{"@context":"https:\/\/schema.org","@graph":[{"@type":"WebPage","@id":"https:\/\/www.thewildcharmfactory.com\/staging\/produit\/the-wild-charm-silver-charm-pine-cone\/","url":"https:\/\/www.thewildcharmfactory.com\/staging\/produit\/the-wild-charm-silver-charm-pine-cone\/","name":"Charm en Argent The Wild Charm \u2013 Pomme de pin - The Wild Charm Factory","isPartOf":{"@id":"https:\/\/www.thewildcharmfactory.com\/staging\/#website"},"datePublished":"2021-12-02T08:56:25+00:00","dateModified":"2021-12-02T08:56:25+00:00","breadcrumb":{"@id":"https:\/\/www.thewildcharmfactory.com\/staging\/produit\/the-wild-charm-silver-charm-pine-cone\/#breadcrumb"},"inLanguage":"en-US","potentialAction":[{"@type":"ReadAction","target":["https:\/\/www.thewildcharmfactory.com\/staging\/produit\/the-wild-charm-silver-charm-pine-cone\/"]}]},{"@type":"BreadcrumbList","@id":"https:\/\/www.thewildcharmfactory.com\/staging\/produit\/the-wild-charm-silver-charm-pine-cone\/#breadcrumb","itemListElement":[{"@type":"ListItem","position":1,"name":"Home","item":"https:\/\/www.thewildcharmfactory.com\/staging\/"},{"@type":"ListItem","position":2,"name":"Shop","item":"https:\/\/www.thewildcharmfactory.com\/staging\/shop\/"},{"@type":"ListItem","position":3,"name":"Charm en Argent The Wild Charm \u2013 Pomme de pin"}]},{"@type":"WebSite","@id":"https:\/\/www.thewildcharmfactory.com\/staging\/#website","url":"https:\/\/www.thewildcharmfactory.com\/staging\/","name":"The Wild Charm Factory","description":"The Wild Charm Factory","publisher":{"@id":"https:\/\/www.thewildcharmfactory.com\/staging\/#organization"},"potentialAction":[{"@type":"SearchAction","target":{"@type":"EntryPoint","urlTemplate":"https:\/\/www.thewildcharmfactory.com\/staging\/?s={search_term_string}"},"query-input":"required name=search_term_string"}],"inLanguage":"en-US"},{"@type":"Organization","@id":"https:\/\/www.thewildcharmfactory.com\/staging\/#organization","name":"The Wild Charm Factory","url":"https:\/\/www.thewildcharmfactory.com\/staging\/","logo":{"@type":"ImageObject","inLanguage":"en-US","@id":"https:\/\/www.thewildcharmfactory.com\/staging\/#\/schema\/logo\/image\/","url":"https:\/\/www.thewildcharmfactory.com\/wp-content\/uploads\/2021\/12\/logo-twcf-2.png","contentUrl":"https:\/\/www.thewildcharmfactory.com\/wp-content\/uploads\/2021\/12\/logo-twcf-2.png","width":400,"height":335,"caption":"The Wild Charm Factory"},"image":{"@id":"https:\/\/www.thewildcharmfactory.com\/staging\/#\/schema\/logo\/image\/"},"sameAs":["https:\/\/www.instagram.com\/thewildcharmfactory\/"]}]}},"_links":{"self":[{"href":"https:\/\/www.thewildcharmfactory.com\/staging\/wp-json\/wp\/v2\/product\/689","targetHints":{"allow":["GET"]}}],"collection":[{"href":"https:\/\/www.thewildcharmfactory.com\/staging\/wp-json\/wp\/v2\/product"}],"about":[{"href":"https:\/\/www.thewildcharmfactory.com\/staging\/wp-json\/wp\/v2\/types\/product"}],"replies":[{"embeddable":true,"href":"https:\/\/www.thewildcharmfactory.com\/staging\/wp-json\/wp\/v2\/comments?post=689"}],"wp:featuredmedia":[{"embeddable":true,"href":"https:\/\/www.thewildcharmfactory.com\/staging\/wp-json\/wp\/v2\/media\/540"}],"wp:attachment":[{"href":"https:\/\/www.thewildcharmfactory.com\/staging\/wp-json\/wp\/v2\/media?parent=689"}],"wp:term":[{"taxonomy":"product_cat","embeddable":true,"href":"https:\/\/www.thewildcharmfactory.com\/staging\/wp-json\/wp\/v2\/product_cat?post=689"},{"taxonomy":"product_tag","embeddable":true,"href":"https:\/\/www.thewildcharmfactory.com\/staging\/wp-json\/wp\/v2\/product_tag?post=689"}],"curies":[{"name":"wp","href":"https:\/\/api.w.org\/{rel}","templated":true}]}}