{"id":668,"date":"2021-12-02T10:16:40","date_gmt":"2021-12-02T10:16:40","guid":{"rendered":"https:\/\/www.thewildcharmfactory.com\/product\/loup-prealpes-francaises-par-jeremie-rossetto\/"},"modified":"2021-12-02T10:16:40","modified_gmt":"2021-12-02T10:16:40","slug":"wolf-french-prealps-by-jeremie-rossetto-2","status":"publish","type":"product","link":"https:\/\/www.thewildcharmfactory.com\/staging\/produit\/wolf-french-prealps-by-jeremie-rossetto-2\/?lang=fr","title":{"rendered":"Loup, Pr\u00e9alpes Fran\u00e7aises, par J\u00e9r\u00e9mie Rossetto"},"content":{"rendered":"","protected":false},"excerpt":{"rendered":"<p><strong>Tirages Photographiques Sign\u00e9s <\/strong><\/p>\n<p><strong>TAILLE <\/strong> 20 x30 cm PRIX 80 Euro<br \/>\n<strong>TAILLE<\/strong> 30 x 45 cm PRIX 110 Euro<br \/>\n<strong>TAILLE<\/strong> 40 x 60 cm PRIX 160 Euro<\/p>\n<p>A travers sa photographie J\u00e9r\u00e9mie, qui est natif de la Savoie dans les Alpes Fran\u00e7aises, exprime sa passion pour ses montagnes et leur faune sauvage. Son travail est centr\u00e9 sur la c\u00e9l\u00e9bration de la nature de Savoie, Haute-Savoie et Is\u00e8re, et le besoin de promouvoir la conservation des animaux sauvages est transmis en illustrant leur superbe beaut\u00e9. L\u2019amour profonde de J\u00e9r\u00e9mie pour l\u2019environnement a grandi aussi avec ses \u00e9tudes dans les domaines de la nature et des sciences humaines.  <\/p>\n","protected":false},"featured_media":555,"comment_status":"open","ping_status":"closed","template":"","meta":[],"product_cat":[63],"product_tag":[],"class_list":["post-668","product","type-product","status-publish","has-post-thumbnail","hentry","product_cat-tirages-photographiques","product_shipping_class-photography-prints"],"acf":[],"yoast_head":"<!-- This site is optimized with the Yoast SEO plugin v20.13 - https:\/\/yoast.com\/wordpress\/plugins\/seo\/ -->\n<title>Loup, Pr\u00e9alpes Fran\u00e7aises, par J\u00e9r\u00e9mie Rossetto - The Wild Charm Factory<\/title>\n<meta name=\"robots\" content=\"index, follow, max-snippet:-1, max-image-preview:large, max-video-preview:-1\" \/>\n<link rel=\"canonical\" href=\"https:\/\/www.thewildcharmfactory.com\/staging\/produit\/wolf-french-prealps-by-jeremie-rossetto\/\" \/>\n<meta property=\"og:locale\" content=\"en_US\" \/>\n<meta property=\"og:type\" content=\"article\" \/>\n<meta property=\"og:title\" content=\"Loup, Pr\u00e9alpes Fran\u00e7aises, par J\u00e9r\u00e9mie Rossetto - The Wild Charm Factory\" \/>\n<meta property=\"og:description\" content=\"Tirages Photographiques Sign\u00e9s  TAILLE 20 x30 cm PRIX 80 Euro TAILLE 30 x 45 cm PRIX 110 Euro TAILLE 40 x 60 cm PRIX 160 Euro A travers sa photographie J\u00e9r\u00e9mie, qui est natif de la Savoie dans les Alpes Fran\u00e7aises, exprime sa passion pour ses montagnes et leur faune sauvage. Son travail est centr\u00e9 sur la c\u00e9l\u00e9bration de la nature de Savoie, Haute-Savoie et Is\u00e8re, et le besoin de promouvoir la conservation des animaux sauvages est transmis en illustrant leur superbe beaut\u00e9. L\u2019amour profonde de J\u00e9r\u00e9mie pour l\u2019environnement a grandi aussi avec ses \u00e9tudes dans les domaines de la nature et des sciences humaines.\" \/>\n<meta property=\"og:url\" content=\"https:\/\/www.thewildcharmfactory.com\/staging\/produit\/wolf-french-prealps-by-jeremie-rossetto\/\" \/>\n<meta property=\"og:site_name\" content=\"The Wild Charm Factory\" \/>\n<meta property=\"og:image\" content=\"https:\/\/www.thewildcharmfactory.com\/staging\/wp-content\/uploads\/2021\/12\/wolf-French-Prealps.jpg\" \/>\n\t<meta property=\"og:image:width\" content=\"975\" \/>\n\t<meta property=\"og:image:height\" content=\"650\" \/>\n\t<meta property=\"og:image:type\" content=\"image\/jpeg\" \/>\n<meta name=\"twitter:card\" content=\"summary_large_image\" \/>\n<script type=\"application\/ld+json\" class=\"yoast-schema-graph\">{\"@context\":\"https:\/\/schema.org\",\"@graph\":[{\"@type\":\"WebPage\",\"@id\":\"https:\/\/www.thewildcharmfactory.com\/staging\/produit\/wolf-french-prealps-by-jeremie-rossetto\/\",\"url\":\"https:\/\/www.thewildcharmfactory.com\/staging\/produit\/wolf-french-prealps-by-jeremie-rossetto\/\",\"name\":\"Loup, Pr\u00e9alpes Fran\u00e7aises, par J\u00e9r\u00e9mie Rossetto - The Wild Charm Factory\",\"isPartOf\":{\"@id\":\"https:\/\/www.thewildcharmfactory.com\/staging\/#website\"},\"datePublished\":\"2021-12-02T10:16:40+00:00\",\"dateModified\":\"2021-12-02T10:16:40+00:00\",\"breadcrumb\":{\"@id\":\"https:\/\/www.thewildcharmfactory.com\/staging\/produit\/wolf-french-prealps-by-jeremie-rossetto\/#breadcrumb\"},\"inLanguage\":\"en-US\",\"potentialAction\":[{\"@type\":\"ReadAction\",\"target\":[\"https:\/\/www.thewildcharmfactory.com\/staging\/produit\/wolf-french-prealps-by-jeremie-rossetto\/\"]}]},{\"@type\":\"BreadcrumbList\",\"@id\":\"https:\/\/www.thewildcharmfactory.com\/staging\/produit\/wolf-french-prealps-by-jeremie-rossetto\/#breadcrumb\",\"itemListElement\":[{\"@type\":\"ListItem\",\"position\":1,\"name\":\"Home\",\"item\":\"https:\/\/www.thewildcharmfactory.com\/staging\/\"},{\"@type\":\"ListItem\",\"position\":2,\"name\":\"Shop\",\"item\":\"https:\/\/www.thewildcharmfactory.com\/staging\/shop\/\"},{\"@type\":\"ListItem\",\"position\":3,\"name\":\"Loup, Pr\u00e9alpes Fran\u00e7aises, par J\u00e9r\u00e9mie Rossetto\"}]},{\"@type\":\"WebSite\",\"@id\":\"https:\/\/www.thewildcharmfactory.com\/staging\/#website\",\"url\":\"https:\/\/www.thewildcharmfactory.com\/staging\/\",\"name\":\"The Wild Charm Factory\",\"description\":\"The Wild Charm Factory\",\"publisher\":{\"@id\":\"https:\/\/www.thewildcharmfactory.com\/staging\/#organization\"},\"potentialAction\":[{\"@type\":\"SearchAction\",\"target\":{\"@type\":\"EntryPoint\",\"urlTemplate\":\"https:\/\/www.thewildcharmfactory.com\/staging\/?s={search_term_string}\"},\"query-input\":\"required name=search_term_string\"}],\"inLanguage\":\"en-US\"},{\"@type\":\"Organization\",\"@id\":\"https:\/\/www.thewildcharmfactory.com\/staging\/#organization\",\"name\":\"The Wild Charm Factory\",\"url\":\"https:\/\/www.thewildcharmfactory.com\/staging\/\",\"logo\":{\"@type\":\"ImageObject\",\"inLanguage\":\"en-US\",\"@id\":\"https:\/\/www.thewildcharmfactory.com\/staging\/#\/schema\/logo\/image\/\",\"url\":\"https:\/\/www.thewildcharmfactory.com\/wp-content\/uploads\/2021\/12\/logo-twcf-2.png\",\"contentUrl\":\"https:\/\/www.thewildcharmfactory.com\/wp-content\/uploads\/2021\/12\/logo-twcf-2.png\",\"width\":400,\"height\":335,\"caption\":\"The Wild Charm Factory\"},\"image\":{\"@id\":\"https:\/\/www.thewildcharmfactory.com\/staging\/#\/schema\/logo\/image\/\"},\"sameAs\":[\"https:\/\/www.instagram.com\/thewildcharmfactory\/\"]}]}<\/script>\n<!-- \/ Yoast SEO plugin. -->","yoast_head_json":{"title":"Loup, Pr\u00e9alpes Fran\u00e7aises, par J\u00e9r\u00e9mie Rossetto - The Wild Charm Factory","robots":{"index":"index","follow":"follow","max-snippet":"max-snippet:-1","max-image-preview":"max-image-preview:large","max-video-preview":"max-video-preview:-1"},"canonical":"https:\/\/www.thewildcharmfactory.com\/staging\/produit\/wolf-french-prealps-by-jeremie-rossetto\/","og_locale":"en_US","og_type":"article","og_title":"Loup, Pr\u00e9alpes Fran\u00e7aises, par J\u00e9r\u00e9mie Rossetto - The Wild Charm Factory","og_description":"Tirages Photographiques Sign\u00e9s  TAILLE 20 x30 cm PRIX 80 Euro TAILLE 30 x 45 cm PRIX 110 Euro TAILLE 40 x 60 cm PRIX 160 Euro A travers sa photographie J\u00e9r\u00e9mie, qui est natif de la Savoie dans les Alpes Fran\u00e7aises, exprime sa passion pour ses montagnes et leur faune sauvage. Son travail est centr\u00e9 sur la c\u00e9l\u00e9bration de la nature de Savoie, Haute-Savoie et Is\u00e8re, et le besoin de promouvoir la conservation des animaux sauvages est transmis en illustrant leur superbe beaut\u00e9. L\u2019amour profonde de J\u00e9r\u00e9mie pour l\u2019environnement a grandi aussi avec ses \u00e9tudes dans les domaines de la nature et des sciences humaines.","og_url":"https:\/\/www.thewildcharmfactory.com\/staging\/produit\/wolf-french-prealps-by-jeremie-rossetto\/","og_site_name":"The Wild Charm Factory","og_image":[{"width":975,"height":650,"url":"https:\/\/www.thewildcharmfactory.com\/staging\/wp-content\/uploads\/2021\/12\/wolf-French-Prealps.jpg","type":"image\/jpeg"}],"twitter_card":"summary_large_image","schema":{"@context":"https:\/\/schema.org","@graph":[{"@type":"WebPage","@id":"https:\/\/www.thewildcharmfactory.com\/staging\/produit\/wolf-french-prealps-by-jeremie-rossetto\/","url":"https:\/\/www.thewildcharmfactory.com\/staging\/produit\/wolf-french-prealps-by-jeremie-rossetto\/","name":"Loup, Pr\u00e9alpes Fran\u00e7aises, par J\u00e9r\u00e9mie Rossetto - The Wild Charm Factory","isPartOf":{"@id":"https:\/\/www.thewildcharmfactory.com\/staging\/#website"},"datePublished":"2021-12-02T10:16:40+00:00","dateModified":"2021-12-02T10:16:40+00:00","breadcrumb":{"@id":"https:\/\/www.thewildcharmfactory.com\/staging\/produit\/wolf-french-prealps-by-jeremie-rossetto\/#breadcrumb"},"inLanguage":"en-US","potentialAction":[{"@type":"ReadAction","target":["https:\/\/www.thewildcharmfactory.com\/staging\/produit\/wolf-french-prealps-by-jeremie-rossetto\/"]}]},{"@type":"BreadcrumbList","@id":"https:\/\/www.thewildcharmfactory.com\/staging\/produit\/wolf-french-prealps-by-jeremie-rossetto\/#breadcrumb","itemListElement":[{"@type":"ListItem","position":1,"name":"Home","item":"https:\/\/www.thewildcharmfactory.com\/staging\/"},{"@type":"ListItem","position":2,"name":"Shop","item":"https:\/\/www.thewildcharmfactory.com\/staging\/shop\/"},{"@type":"ListItem","position":3,"name":"Loup, Pr\u00e9alpes Fran\u00e7aises, par J\u00e9r\u00e9mie Rossetto"}]},{"@type":"WebSite","@id":"https:\/\/www.thewildcharmfactory.com\/staging\/#website","url":"https:\/\/www.thewildcharmfactory.com\/staging\/","name":"The Wild Charm Factory","description":"The Wild Charm Factory","publisher":{"@id":"https:\/\/www.thewildcharmfactory.com\/staging\/#organization"},"potentialAction":[{"@type":"SearchAction","target":{"@type":"EntryPoint","urlTemplate":"https:\/\/www.thewildcharmfactory.com\/staging\/?s={search_term_string}"},"query-input":"required name=search_term_string"}],"inLanguage":"en-US"},{"@type":"Organization","@id":"https:\/\/www.thewildcharmfactory.com\/staging\/#organization","name":"The Wild Charm Factory","url":"https:\/\/www.thewildcharmfactory.com\/staging\/","logo":{"@type":"ImageObject","inLanguage":"en-US","@id":"https:\/\/www.thewildcharmfactory.com\/staging\/#\/schema\/logo\/image\/","url":"https:\/\/www.thewildcharmfactory.com\/wp-content\/uploads\/2021\/12\/logo-twcf-2.png","contentUrl":"https:\/\/www.thewildcharmfactory.com\/wp-content\/uploads\/2021\/12\/logo-twcf-2.png","width":400,"height":335,"caption":"The Wild Charm Factory"},"image":{"@id":"https:\/\/www.thewildcharmfactory.com\/staging\/#\/schema\/logo\/image\/"},"sameAs":["https:\/\/www.instagram.com\/thewildcharmfactory\/"]}]}},"_links":{"self":[{"href":"https:\/\/www.thewildcharmfactory.com\/staging\/wp-json\/wp\/v2\/product\/668","targetHints":{"allow":["GET"]}}],"collection":[{"href":"https:\/\/www.thewildcharmfactory.com\/staging\/wp-json\/wp\/v2\/product"}],"about":[{"href":"https:\/\/www.thewildcharmfactory.com\/staging\/wp-json\/wp\/v2\/types\/product"}],"replies":[{"embeddable":true,"href":"https:\/\/www.thewildcharmfactory.com\/staging\/wp-json\/wp\/v2\/comments?post=668"}],"wp:featuredmedia":[{"embeddable":true,"href":"https:\/\/www.thewildcharmfactory.com\/staging\/wp-json\/wp\/v2\/media\/555"}],"wp:attachment":[{"href":"https:\/\/www.thewildcharmfactory.com\/staging\/wp-json\/wp\/v2\/media?parent=668"}],"wp:term":[{"taxonomy":"product_cat","embeddable":true,"href":"https:\/\/www.thewildcharmfactory.com\/staging\/wp-json\/wp\/v2\/product_cat?post=668"},{"taxonomy":"product_tag","embeddable":true,"href":"https:\/\/www.thewildcharmfactory.com\/staging\/wp-json\/wp\/v2\/product_tag?post=668"}],"curies":[{"name":"wp","href":"https:\/\/api.w.org\/{rel}","templated":true}]}}