{"id":643,"date":"2021-12-03T05:41:20","date_gmt":"2021-12-03T05:41:20","guid":{"rendered":"https:\/\/www.thewildcharmfactory.com\/product\/renard-italie-centrale-par-maurizio-biancarelli\/"},"modified":"2021-12-03T05:41:20","modified_gmt":"2021-12-03T05:41:20","slug":"fox-central-italy-by-maurizio-biancarelli-2","status":"publish","type":"product","link":"https:\/\/www.thewildcharmfactory.com\/staging\/produit\/fox-central-italy-by-maurizio-biancarelli-2\/?lang=fr","title":{"rendered":"Renard, Italie Centrale, Par Maurizio Biancarelli"},"content":{"rendered":"","protected":false},"excerpt":{"rendered":"<p>Tirages fine art num\u00e9rot\u00e9s sign\u00e9s, sur papier coton, avec certificat d\u2019authentification<\/p>\n<p><strong>TAILLE<\/strong> 20 x 30 cm PRIX 240 Euro<br \/>\n<strong>TAILLE<\/strong> 30 x 45 cm PRIX 315 Euro<\/p>\n<p>Le travail de Maurizio est centr\u00e9 sur la nature sauvage et les paysages d\u2019Italie, mais aussi de l\u2019Europe du Nord et de l\u2019Arctique. Il contribue r\u00e9guli\u00e8rement \u00e0 National Geographic Italie, BBC Wildlife, Terre Sauvage et plein d\u2019autres magazines de nature. Parmi ses prix, Veolia Photographe Animalier de l\u2019Ann\u00e9e et GDT Photographe Animalier Europ\u00e9en de l\u2019Ann\u00e9e. Maurizio a particip\u00e9 \u00e0 The Wild Wonders of Europe et publi\u00e9 6 livres, dont quatre command\u00e9s par le minist\u00e8re de l\u2019Environnement Italien et la R\u00e9gion Umbria.   <\/p>\n","protected":false},"featured_media":556,"comment_status":"open","ping_status":"closed","template":"","meta":[],"product_cat":[63],"product_tag":[],"class_list":["post-643","product","type-product","status-publish","has-post-thumbnail","hentry","product_cat-tirages-photographiques","product_shipping_class-photography-prints"],"acf":[],"yoast_head":"<!-- This site is optimized with the Yoast SEO plugin v20.13 - https:\/\/yoast.com\/wordpress\/plugins\/seo\/ -->\n<title>Renard, Italie Centrale, Par Maurizio Biancarelli - The Wild Charm Factory<\/title>\n<meta name=\"robots\" content=\"index, follow, max-snippet:-1, max-image-preview:large, max-video-preview:-1\" \/>\n<link rel=\"canonical\" href=\"https:\/\/www.thewildcharmfactory.com\/staging\/produit\/fox-central-italy-by-maurizio-biancarelli\/\" \/>\n<meta property=\"og:locale\" content=\"en_US\" \/>\n<meta property=\"og:type\" content=\"article\" \/>\n<meta property=\"og:title\" content=\"Renard, Italie Centrale, Par Maurizio Biancarelli - The Wild Charm Factory\" \/>\n<meta property=\"og:description\" content=\"Tirages fine art num\u00e9rot\u00e9s sign\u00e9s, sur papier coton, avec certificat d\u2019authentification TAILLE 20 x 30 cm PRIX 240 Euro TAILLE 30 x 45 cm PRIX 315 Euro Le travail de Maurizio est centr\u00e9 sur la nature sauvage et les paysages d\u2019Italie, mais aussi de l\u2019Europe du Nord et de l\u2019Arctique. Il contribue r\u00e9guli\u00e8rement \u00e0 National Geographic Italie, BBC Wildlife, Terre Sauvage et plein d\u2019autres magazines de nature. Parmi ses prix, Veolia Photographe Animalier de l\u2019Ann\u00e9e et GDT Photographe Animalier Europ\u00e9en de l\u2019Ann\u00e9e. Maurizio a particip\u00e9 \u00e0 The Wild Wonders of Europe et publi\u00e9 6 livres, dont quatre command\u00e9s par le minist\u00e8re de l\u2019Environnement Italien et la R\u00e9gion Umbria.\" \/>\n<meta property=\"og:url\" content=\"https:\/\/www.thewildcharmfactory.com\/staging\/produit\/fox-central-italy-by-maurizio-biancarelli\/\" \/>\n<meta property=\"og:site_name\" content=\"The Wild Charm Factory\" \/>\n<meta property=\"og:image\" content=\"https:\/\/www.thewildcharmfactory.com\/staging\/wp-content\/uploads\/2021\/12\/Fox-Central-Italy.jpg\" \/>\n\t<meta property=\"og:image:width\" content=\"975\" \/>\n\t<meta property=\"og:image:height\" content=\"650\" \/>\n\t<meta property=\"og:image:type\" content=\"image\/jpeg\" \/>\n<meta name=\"twitter:card\" content=\"summary_large_image\" \/>\n<script type=\"application\/ld+json\" class=\"yoast-schema-graph\">{\"@context\":\"https:\/\/schema.org\",\"@graph\":[{\"@type\":\"WebPage\",\"@id\":\"https:\/\/www.thewildcharmfactory.com\/staging\/produit\/fox-central-italy-by-maurizio-biancarelli\/\",\"url\":\"https:\/\/www.thewildcharmfactory.com\/staging\/produit\/fox-central-italy-by-maurizio-biancarelli\/\",\"name\":\"Renard, Italie Centrale, Par Maurizio Biancarelli - The Wild Charm Factory\",\"isPartOf\":{\"@id\":\"https:\/\/www.thewildcharmfactory.com\/staging\/#website\"},\"datePublished\":\"2021-12-03T05:41:20+00:00\",\"dateModified\":\"2021-12-03T05:41:20+00:00\",\"breadcrumb\":{\"@id\":\"https:\/\/www.thewildcharmfactory.com\/staging\/produit\/fox-central-italy-by-maurizio-biancarelli\/#breadcrumb\"},\"inLanguage\":\"en-US\",\"potentialAction\":[{\"@type\":\"ReadAction\",\"target\":[\"https:\/\/www.thewildcharmfactory.com\/staging\/produit\/fox-central-italy-by-maurizio-biancarelli\/\"]}]},{\"@type\":\"BreadcrumbList\",\"@id\":\"https:\/\/www.thewildcharmfactory.com\/staging\/produit\/fox-central-italy-by-maurizio-biancarelli\/#breadcrumb\",\"itemListElement\":[{\"@type\":\"ListItem\",\"position\":1,\"name\":\"Home\",\"item\":\"https:\/\/www.thewildcharmfactory.com\/staging\/\"},{\"@type\":\"ListItem\",\"position\":2,\"name\":\"Shop\",\"item\":\"https:\/\/www.thewildcharmfactory.com\/staging\/shop\/\"},{\"@type\":\"ListItem\",\"position\":3,\"name\":\"Renard, Italie Centrale, Par Maurizio Biancarelli\"}]},{\"@type\":\"WebSite\",\"@id\":\"https:\/\/www.thewildcharmfactory.com\/staging\/#website\",\"url\":\"https:\/\/www.thewildcharmfactory.com\/staging\/\",\"name\":\"The Wild Charm Factory\",\"description\":\"The Wild Charm Factory\",\"publisher\":{\"@id\":\"https:\/\/www.thewildcharmfactory.com\/staging\/#organization\"},\"potentialAction\":[{\"@type\":\"SearchAction\",\"target\":{\"@type\":\"EntryPoint\",\"urlTemplate\":\"https:\/\/www.thewildcharmfactory.com\/staging\/?s={search_term_string}\"},\"query-input\":\"required name=search_term_string\"}],\"inLanguage\":\"en-US\"},{\"@type\":\"Organization\",\"@id\":\"https:\/\/www.thewildcharmfactory.com\/staging\/#organization\",\"name\":\"The Wild Charm Factory\",\"url\":\"https:\/\/www.thewildcharmfactory.com\/staging\/\",\"logo\":{\"@type\":\"ImageObject\",\"inLanguage\":\"en-US\",\"@id\":\"https:\/\/www.thewildcharmfactory.com\/staging\/#\/schema\/logo\/image\/\",\"url\":\"https:\/\/www.thewildcharmfactory.com\/wp-content\/uploads\/2021\/12\/logo-twcf-2.png\",\"contentUrl\":\"https:\/\/www.thewildcharmfactory.com\/wp-content\/uploads\/2021\/12\/logo-twcf-2.png\",\"width\":400,\"height\":335,\"caption\":\"The Wild Charm Factory\"},\"image\":{\"@id\":\"https:\/\/www.thewildcharmfactory.com\/staging\/#\/schema\/logo\/image\/\"},\"sameAs\":[\"https:\/\/www.instagram.com\/thewildcharmfactory\/\"]}]}<\/script>\n<!-- \/ Yoast SEO plugin. -->","yoast_head_json":{"title":"Renard, Italie Centrale, Par Maurizio Biancarelli - The Wild Charm Factory","robots":{"index":"index","follow":"follow","max-snippet":"max-snippet:-1","max-image-preview":"max-image-preview:large","max-video-preview":"max-video-preview:-1"},"canonical":"https:\/\/www.thewildcharmfactory.com\/staging\/produit\/fox-central-italy-by-maurizio-biancarelli\/","og_locale":"en_US","og_type":"article","og_title":"Renard, Italie Centrale, Par Maurizio Biancarelli - The Wild Charm Factory","og_description":"Tirages fine art num\u00e9rot\u00e9s sign\u00e9s, sur papier coton, avec certificat d\u2019authentification TAILLE 20 x 30 cm PRIX 240 Euro TAILLE 30 x 45 cm PRIX 315 Euro Le travail de Maurizio est centr\u00e9 sur la nature sauvage et les paysages d\u2019Italie, mais aussi de l\u2019Europe du Nord et de l\u2019Arctique. Il contribue r\u00e9guli\u00e8rement \u00e0 National Geographic Italie, BBC Wildlife, Terre Sauvage et plein d\u2019autres magazines de nature. Parmi ses prix, Veolia Photographe Animalier de l\u2019Ann\u00e9e et GDT Photographe Animalier Europ\u00e9en de l\u2019Ann\u00e9e. Maurizio a particip\u00e9 \u00e0 The Wild Wonders of Europe et publi\u00e9 6 livres, dont quatre command\u00e9s par le minist\u00e8re de l\u2019Environnement Italien et la R\u00e9gion Umbria.","og_url":"https:\/\/www.thewildcharmfactory.com\/staging\/produit\/fox-central-italy-by-maurizio-biancarelli\/","og_site_name":"The Wild Charm Factory","og_image":[{"width":975,"height":650,"url":"https:\/\/www.thewildcharmfactory.com\/staging\/wp-content\/uploads\/2021\/12\/Fox-Central-Italy.jpg","type":"image\/jpeg"}],"twitter_card":"summary_large_image","schema":{"@context":"https:\/\/schema.org","@graph":[{"@type":"WebPage","@id":"https:\/\/www.thewildcharmfactory.com\/staging\/produit\/fox-central-italy-by-maurizio-biancarelli\/","url":"https:\/\/www.thewildcharmfactory.com\/staging\/produit\/fox-central-italy-by-maurizio-biancarelli\/","name":"Renard, Italie Centrale, Par Maurizio Biancarelli - The Wild Charm Factory","isPartOf":{"@id":"https:\/\/www.thewildcharmfactory.com\/staging\/#website"},"datePublished":"2021-12-03T05:41:20+00:00","dateModified":"2021-12-03T05:41:20+00:00","breadcrumb":{"@id":"https:\/\/www.thewildcharmfactory.com\/staging\/produit\/fox-central-italy-by-maurizio-biancarelli\/#breadcrumb"},"inLanguage":"en-US","potentialAction":[{"@type":"ReadAction","target":["https:\/\/www.thewildcharmfactory.com\/staging\/produit\/fox-central-italy-by-maurizio-biancarelli\/"]}]},{"@type":"BreadcrumbList","@id":"https:\/\/www.thewildcharmfactory.com\/staging\/produit\/fox-central-italy-by-maurizio-biancarelli\/#breadcrumb","itemListElement":[{"@type":"ListItem","position":1,"name":"Home","item":"https:\/\/www.thewildcharmfactory.com\/staging\/"},{"@type":"ListItem","position":2,"name":"Shop","item":"https:\/\/www.thewildcharmfactory.com\/staging\/shop\/"},{"@type":"ListItem","position":3,"name":"Renard, Italie Centrale, Par Maurizio Biancarelli"}]},{"@type":"WebSite","@id":"https:\/\/www.thewildcharmfactory.com\/staging\/#website","url":"https:\/\/www.thewildcharmfactory.com\/staging\/","name":"The Wild Charm Factory","description":"The Wild Charm Factory","publisher":{"@id":"https:\/\/www.thewildcharmfactory.com\/staging\/#organization"},"potentialAction":[{"@type":"SearchAction","target":{"@type":"EntryPoint","urlTemplate":"https:\/\/www.thewildcharmfactory.com\/staging\/?s={search_term_string}"},"query-input":"required name=search_term_string"}],"inLanguage":"en-US"},{"@type":"Organization","@id":"https:\/\/www.thewildcharmfactory.com\/staging\/#organization","name":"The Wild Charm Factory","url":"https:\/\/www.thewildcharmfactory.com\/staging\/","logo":{"@type":"ImageObject","inLanguage":"en-US","@id":"https:\/\/www.thewildcharmfactory.com\/staging\/#\/schema\/logo\/image\/","url":"https:\/\/www.thewildcharmfactory.com\/wp-content\/uploads\/2021\/12\/logo-twcf-2.png","contentUrl":"https:\/\/www.thewildcharmfactory.com\/wp-content\/uploads\/2021\/12\/logo-twcf-2.png","width":400,"height":335,"caption":"The Wild Charm Factory"},"image":{"@id":"https:\/\/www.thewildcharmfactory.com\/staging\/#\/schema\/logo\/image\/"},"sameAs":["https:\/\/www.instagram.com\/thewildcharmfactory\/"]}]}},"_links":{"self":[{"href":"https:\/\/www.thewildcharmfactory.com\/staging\/wp-json\/wp\/v2\/product\/643","targetHints":{"allow":["GET"]}}],"collection":[{"href":"https:\/\/www.thewildcharmfactory.com\/staging\/wp-json\/wp\/v2\/product"}],"about":[{"href":"https:\/\/www.thewildcharmfactory.com\/staging\/wp-json\/wp\/v2\/types\/product"}],"replies":[{"embeddable":true,"href":"https:\/\/www.thewildcharmfactory.com\/staging\/wp-json\/wp\/v2\/comments?post=643"}],"wp:featuredmedia":[{"embeddable":true,"href":"https:\/\/www.thewildcharmfactory.com\/staging\/wp-json\/wp\/v2\/media\/556"}],"wp:attachment":[{"href":"https:\/\/www.thewildcharmfactory.com\/staging\/wp-json\/wp\/v2\/media?parent=643"}],"wp:term":[{"taxonomy":"product_cat","embeddable":true,"href":"https:\/\/www.thewildcharmfactory.com\/staging\/wp-json\/wp\/v2\/product_cat?post=643"},{"taxonomy":"product_tag","embeddable":true,"href":"https:\/\/www.thewildcharmfactory.com\/staging\/wp-json\/wp\/v2\/product_tag?post=643"}],"curies":[{"name":"wp","href":"https:\/\/api.w.org\/{rel}","templated":true}]}}