{"id":626,"date":"2021-12-02T09:33:47","date_gmt":"2021-12-02T09:33:47","guid":{"rendered":"https:\/\/www.thewildcharmfactory.com\/product\/parc-national-foreste-casentinesi-italie-centrale-par-edoardo-agresti\/"},"modified":"2021-12-02T09:33:47","modified_gmt":"2021-12-02T09:33:47","slug":"foreste-casentinesi-national-park-central-italy-by-edoardo-agresti-2","status":"publish","type":"product","link":"https:\/\/www.thewildcharmfactory.com\/staging\/produit\/foreste-casentinesi-national-park-central-italy-by-edoardo-agresti-2\/?lang=fr","title":{"rendered":"Parc National Foreste Casentinesi \u2013 Italie Centrale, Par Edoardo Agresti"},"content":{"rendered":"","protected":false},"excerpt":{"rendered":"<p>Tirages fine art num\u00e9rot\u00e9s sign\u00e9s, sur papier coton, avec timbre sec<\/p>\n<p><strong>TAILLE <\/strong> 20 x 30 cm PRIX 200 Euro<br \/>\n<strong>TAILLE <\/strong> 30 x 45 cm PRIX 400 Euro<\/p>\n<p><strong>Edoardo Agresti<\/strong><\/p>\n<p>Edoardo, n\u00e9 dans une famille de Fiesole dans le c\u0153ur de l\u2019ancienne Toscane, a grandi en voyageant autour du monde. Dans le domaine du photoreportage il est membre de National Geographic Expedition depuis 2019. Parmi les prix re\u00e7us: Black and White Spider, National Geographic Contest, Master Cup Color, International Color Awards, Royal Geographic Society. Depuis qu\u2019il a commenc\u00e9 \u00e0 se sp\u00e9cialiser aussi dans la photographie de mariage, Edoardo est devenu membre de la Wedding Photojournalistic Association et de l\u2019Artistic Guild WPJA, il est fondateur de Best of Wedding Photography et il a \u00e9t\u00e9 \u00e9lu Photographe de l\u2019Ann\u00e9e trois fois par l\u2019association italienne des photographes de mariage (ANFM).   <\/p>\n","protected":false},"featured_media":544,"comment_status":"open","ping_status":"closed","template":"","meta":[],"product_cat":[63],"product_tag":[],"class_list":["post-626","product","type-product","status-publish","has-post-thumbnail","hentry","product_cat-tirages-photographiques","product_shipping_class-photography-prints"],"acf":[],"yoast_head":"<!-- This site is optimized with the Yoast SEO plugin v20.13 - https:\/\/yoast.com\/wordpress\/plugins\/seo\/ -->\n<title>Parc National Foreste Casentinesi \u2013 Italie Centrale, Par Edoardo Agresti - The Wild Charm Factory<\/title>\n<meta name=\"robots\" content=\"index, follow, max-snippet:-1, max-image-preview:large, max-video-preview:-1\" \/>\n<link rel=\"canonical\" href=\"https:\/\/www.thewildcharmfactory.com\/staging\/produit\/foreste-casentinesi-national-park-central-italy-by-edoardo-agresti\/\" \/>\n<meta property=\"og:locale\" content=\"en_US\" \/>\n<meta property=\"og:type\" content=\"article\" \/>\n<meta property=\"og:title\" content=\"Parc National Foreste Casentinesi \u2013 Italie Centrale, Par Edoardo Agresti - The Wild Charm Factory\" \/>\n<meta property=\"og:description\" content=\"Tirages fine art num\u00e9rot\u00e9s sign\u00e9s, sur papier coton, avec timbre sec TAILLE 20 x 30 cm PRIX 200 Euro TAILLE 30 x 45 cm PRIX 400 Euro Edoardo Agresti Edoardo, n\u00e9 dans une famille de Fiesole dans le c\u0153ur de l\u2019ancienne Toscane, a grandi en voyageant autour du monde. Dans le domaine du photoreportage il est membre de National Geographic Expedition depuis 2019. Parmi les prix re\u00e7us: Black and White Spider, National Geographic Contest, Master Cup Color, International Color Awards, Royal Geographic Society. Depuis qu\u2019il a commenc\u00e9 \u00e0 se sp\u00e9cialiser aussi dans la photographie de mariage, Edoardo est devenu membre de la Wedding Photojournalistic Association et de l\u2019Artistic Guild WPJA, il est fondateur de Best of Wedding Photography et il a \u00e9t\u00e9 \u00e9lu Photographe de l\u2019Ann\u00e9e trois fois par l\u2019association italienne des photographes de mariage (ANFM).\" \/>\n<meta property=\"og:url\" content=\"https:\/\/www.thewildcharmfactory.com\/staging\/produit\/foreste-casentinesi-national-park-central-italy-by-edoardo-agresti\/\" \/>\n<meta property=\"og:site_name\" content=\"The Wild Charm Factory\" \/>\n<meta property=\"og:image\" content=\"https:\/\/www.thewildcharmfactory.com\/staging\/wp-content\/uploads\/2021\/12\/Foreste-Casentinesi-Park-Central-Italy.jpg\" \/>\n\t<meta property=\"og:image:width\" content=\"1600\" \/>\n\t<meta property=\"og:image:height\" content=\"1064\" \/>\n\t<meta property=\"og:image:type\" content=\"image\/jpeg\" \/>\n<meta name=\"twitter:card\" content=\"summary_large_image\" \/>\n<script type=\"application\/ld+json\" class=\"yoast-schema-graph\">{\"@context\":\"https:\/\/schema.org\",\"@graph\":[{\"@type\":\"WebPage\",\"@id\":\"https:\/\/www.thewildcharmfactory.com\/staging\/produit\/foreste-casentinesi-national-park-central-italy-by-edoardo-agresti\/\",\"url\":\"https:\/\/www.thewildcharmfactory.com\/staging\/produit\/foreste-casentinesi-national-park-central-italy-by-edoardo-agresti\/\",\"name\":\"Parc National Foreste Casentinesi \u2013 Italie Centrale, Par Edoardo Agresti - The Wild Charm Factory\",\"isPartOf\":{\"@id\":\"https:\/\/www.thewildcharmfactory.com\/staging\/#website\"},\"datePublished\":\"2021-12-02T09:33:47+00:00\",\"dateModified\":\"2021-12-02T09:33:47+00:00\",\"breadcrumb\":{\"@id\":\"https:\/\/www.thewildcharmfactory.com\/staging\/produit\/foreste-casentinesi-national-park-central-italy-by-edoardo-agresti\/#breadcrumb\"},\"inLanguage\":\"en-US\",\"potentialAction\":[{\"@type\":\"ReadAction\",\"target\":[\"https:\/\/www.thewildcharmfactory.com\/staging\/produit\/foreste-casentinesi-national-park-central-italy-by-edoardo-agresti\/\"]}]},{\"@type\":\"BreadcrumbList\",\"@id\":\"https:\/\/www.thewildcharmfactory.com\/staging\/produit\/foreste-casentinesi-national-park-central-italy-by-edoardo-agresti\/#breadcrumb\",\"itemListElement\":[{\"@type\":\"ListItem\",\"position\":1,\"name\":\"Home\",\"item\":\"https:\/\/www.thewildcharmfactory.com\/staging\/\"},{\"@type\":\"ListItem\",\"position\":2,\"name\":\"Shop\",\"item\":\"https:\/\/www.thewildcharmfactory.com\/staging\/shop\/\"},{\"@type\":\"ListItem\",\"position\":3,\"name\":\"Parc National Foreste Casentinesi \u2013 Italie Centrale, Par Edoardo Agresti\"}]},{\"@type\":\"WebSite\",\"@id\":\"https:\/\/www.thewildcharmfactory.com\/staging\/#website\",\"url\":\"https:\/\/www.thewildcharmfactory.com\/staging\/\",\"name\":\"The Wild Charm Factory\",\"description\":\"The Wild Charm Factory\",\"publisher\":{\"@id\":\"https:\/\/www.thewildcharmfactory.com\/staging\/#organization\"},\"potentialAction\":[{\"@type\":\"SearchAction\",\"target\":{\"@type\":\"EntryPoint\",\"urlTemplate\":\"https:\/\/www.thewildcharmfactory.com\/staging\/?s={search_term_string}\"},\"query-input\":\"required name=search_term_string\"}],\"inLanguage\":\"en-US\"},{\"@type\":\"Organization\",\"@id\":\"https:\/\/www.thewildcharmfactory.com\/staging\/#organization\",\"name\":\"The Wild Charm Factory\",\"url\":\"https:\/\/www.thewildcharmfactory.com\/staging\/\",\"logo\":{\"@type\":\"ImageObject\",\"inLanguage\":\"en-US\",\"@id\":\"https:\/\/www.thewildcharmfactory.com\/staging\/#\/schema\/logo\/image\/\",\"url\":\"https:\/\/www.thewildcharmfactory.com\/wp-content\/uploads\/2021\/12\/logo-twcf-2.png\",\"contentUrl\":\"https:\/\/www.thewildcharmfactory.com\/wp-content\/uploads\/2021\/12\/logo-twcf-2.png\",\"width\":400,\"height\":335,\"caption\":\"The Wild Charm Factory\"},\"image\":{\"@id\":\"https:\/\/www.thewildcharmfactory.com\/staging\/#\/schema\/logo\/image\/\"},\"sameAs\":[\"https:\/\/www.instagram.com\/thewildcharmfactory\/\"]}]}<\/script>\n<!-- \/ Yoast SEO plugin. -->","yoast_head_json":{"title":"Parc National Foreste Casentinesi \u2013 Italie Centrale, Par Edoardo Agresti - The Wild Charm Factory","robots":{"index":"index","follow":"follow","max-snippet":"max-snippet:-1","max-image-preview":"max-image-preview:large","max-video-preview":"max-video-preview:-1"},"canonical":"https:\/\/www.thewildcharmfactory.com\/staging\/produit\/foreste-casentinesi-national-park-central-italy-by-edoardo-agresti\/","og_locale":"en_US","og_type":"article","og_title":"Parc National Foreste Casentinesi \u2013 Italie Centrale, Par Edoardo Agresti - The Wild Charm Factory","og_description":"Tirages fine art num\u00e9rot\u00e9s sign\u00e9s, sur papier coton, avec timbre sec TAILLE 20 x 30 cm PRIX 200 Euro TAILLE 30 x 45 cm PRIX 400 Euro Edoardo Agresti Edoardo, n\u00e9 dans une famille de Fiesole dans le c\u0153ur de l\u2019ancienne Toscane, a grandi en voyageant autour du monde. Dans le domaine du photoreportage il est membre de National Geographic Expedition depuis 2019. Parmi les prix re\u00e7us: Black and White Spider, National Geographic Contest, Master Cup Color, International Color Awards, Royal Geographic Society. Depuis qu\u2019il a commenc\u00e9 \u00e0 se sp\u00e9cialiser aussi dans la photographie de mariage, Edoardo est devenu membre de la Wedding Photojournalistic Association et de l\u2019Artistic Guild WPJA, il est fondateur de Best of Wedding Photography et il a \u00e9t\u00e9 \u00e9lu Photographe de l\u2019Ann\u00e9e trois fois par l\u2019association italienne des photographes de mariage (ANFM).","og_url":"https:\/\/www.thewildcharmfactory.com\/staging\/produit\/foreste-casentinesi-national-park-central-italy-by-edoardo-agresti\/","og_site_name":"The Wild Charm Factory","og_image":[{"width":1600,"height":1064,"url":"https:\/\/www.thewildcharmfactory.com\/staging\/wp-content\/uploads\/2021\/12\/Foreste-Casentinesi-Park-Central-Italy.jpg","type":"image\/jpeg"}],"twitter_card":"summary_large_image","schema":{"@context":"https:\/\/schema.org","@graph":[{"@type":"WebPage","@id":"https:\/\/www.thewildcharmfactory.com\/staging\/produit\/foreste-casentinesi-national-park-central-italy-by-edoardo-agresti\/","url":"https:\/\/www.thewildcharmfactory.com\/staging\/produit\/foreste-casentinesi-national-park-central-italy-by-edoardo-agresti\/","name":"Parc National Foreste Casentinesi \u2013 Italie Centrale, Par Edoardo Agresti - The Wild Charm Factory","isPartOf":{"@id":"https:\/\/www.thewildcharmfactory.com\/staging\/#website"},"datePublished":"2021-12-02T09:33:47+00:00","dateModified":"2021-12-02T09:33:47+00:00","breadcrumb":{"@id":"https:\/\/www.thewildcharmfactory.com\/staging\/produit\/foreste-casentinesi-national-park-central-italy-by-edoardo-agresti\/#breadcrumb"},"inLanguage":"en-US","potentialAction":[{"@type":"ReadAction","target":["https:\/\/www.thewildcharmfactory.com\/staging\/produit\/foreste-casentinesi-national-park-central-italy-by-edoardo-agresti\/"]}]},{"@type":"BreadcrumbList","@id":"https:\/\/www.thewildcharmfactory.com\/staging\/produit\/foreste-casentinesi-national-park-central-italy-by-edoardo-agresti\/#breadcrumb","itemListElement":[{"@type":"ListItem","position":1,"name":"Home","item":"https:\/\/www.thewildcharmfactory.com\/staging\/"},{"@type":"ListItem","position":2,"name":"Shop","item":"https:\/\/www.thewildcharmfactory.com\/staging\/shop\/"},{"@type":"ListItem","position":3,"name":"Parc National Foreste Casentinesi \u2013 Italie Centrale, Par Edoardo Agresti"}]},{"@type":"WebSite","@id":"https:\/\/www.thewildcharmfactory.com\/staging\/#website","url":"https:\/\/www.thewildcharmfactory.com\/staging\/","name":"The Wild Charm Factory","description":"The Wild Charm Factory","publisher":{"@id":"https:\/\/www.thewildcharmfactory.com\/staging\/#organization"},"potentialAction":[{"@type":"SearchAction","target":{"@type":"EntryPoint","urlTemplate":"https:\/\/www.thewildcharmfactory.com\/staging\/?s={search_term_string}"},"query-input":"required name=search_term_string"}],"inLanguage":"en-US"},{"@type":"Organization","@id":"https:\/\/www.thewildcharmfactory.com\/staging\/#organization","name":"The Wild Charm Factory","url":"https:\/\/www.thewildcharmfactory.com\/staging\/","logo":{"@type":"ImageObject","inLanguage":"en-US","@id":"https:\/\/www.thewildcharmfactory.com\/staging\/#\/schema\/logo\/image\/","url":"https:\/\/www.thewildcharmfactory.com\/wp-content\/uploads\/2021\/12\/logo-twcf-2.png","contentUrl":"https:\/\/www.thewildcharmfactory.com\/wp-content\/uploads\/2021\/12\/logo-twcf-2.png","width":400,"height":335,"caption":"The Wild Charm Factory"},"image":{"@id":"https:\/\/www.thewildcharmfactory.com\/staging\/#\/schema\/logo\/image\/"},"sameAs":["https:\/\/www.instagram.com\/thewildcharmfactory\/"]}]}},"_links":{"self":[{"href":"https:\/\/www.thewildcharmfactory.com\/staging\/wp-json\/wp\/v2\/product\/626","targetHints":{"allow":["GET"]}}],"collection":[{"href":"https:\/\/www.thewildcharmfactory.com\/staging\/wp-json\/wp\/v2\/product"}],"about":[{"href":"https:\/\/www.thewildcharmfactory.com\/staging\/wp-json\/wp\/v2\/types\/product"}],"replies":[{"embeddable":true,"href":"https:\/\/www.thewildcharmfactory.com\/staging\/wp-json\/wp\/v2\/comments?post=626"}],"wp:featuredmedia":[{"embeddable":true,"href":"https:\/\/www.thewildcharmfactory.com\/staging\/wp-json\/wp\/v2\/media\/544"}],"wp:attachment":[{"href":"https:\/\/www.thewildcharmfactory.com\/staging\/wp-json\/wp\/v2\/media?parent=626"}],"wp:term":[{"taxonomy":"product_cat","embeddable":true,"href":"https:\/\/www.thewildcharmfactory.com\/staging\/wp-json\/wp\/v2\/product_cat?post=626"},{"taxonomy":"product_tag","embeddable":true,"href":"https:\/\/www.thewildcharmfactory.com\/staging\/wp-json\/wp\/v2\/product_tag?post=626"}],"curies":[{"name":"wp","href":"https:\/\/api.w.org\/{rel}","templated":true}]}}