{"id":276,"date":"2021-12-02T10:16:40","date_gmt":"2021-12-02T10:16:40","guid":{"rendered":"https:\/\/www.thewildcharmfactory.com\/?post_type=product&#038;p=276"},"modified":"2022-02-25T09:37:17","modified_gmt":"2022-02-25T09:37:17","slug":"wolf-french-prealps-by-jeremie-rossetto","status":"publish","type":"product","link":"https:\/\/www.thewildcharmfactory.com\/staging\/product\/wolf-french-prealps-by-jeremie-rossetto\/","title":{"rendered":"Wolf, French Prealps,  by J\u00e9r\u00e9mie Rossetto"},"content":{"rendered":"","protected":false},"excerpt":{"rendered":"<p><strong>Signed fine art prints <\/strong><\/p>\n<p><strong>SIZE<\/strong> 20 x 30 cm PRICE 80 Euro<br \/>\n<strong>SIZE<\/strong> 30 x 45 cm PRICE 110 Euro<br \/>\n<strong>SIZE<\/strong> 40 x 60 cm PRICE 160 Euro<\/p>\n<p>Through his photography J\u00e9r\u00e9mie, who is native of Savoie in the French Alps, expresses his passion for his wild mountains and their wildlife. His work is centred on celebrating the wildlife of Savoie, Haute-Savoie and Is\u00e8re, and the need to support their conservation is conveyed by depicting their stunning beauty. J\u00e9r\u00e9mie\u2019s deep care for the environment has grown also by pursuing his studies pertaining nature as well as human sciences.<\/p>\n","protected":false},"featured_media":283,"comment_status":"open","ping_status":"closed","template":"","meta":[],"product_cat":[34],"product_tag":[],"class_list":["post-276","product","type-product","status-publish","has-post-thumbnail","hentry","product_cat-photography-prints","product_shipping_class-photography-prints"],"acf":[],"yoast_head":"<!-- This site is optimized with the Yoast SEO plugin v20.13 - https:\/\/yoast.com\/wordpress\/plugins\/seo\/ -->\n<title>Wolf, French Prealps, by J\u00e9r\u00e9mie Rossetto - The Wild Charm Factory<\/title>\n<meta name=\"robots\" content=\"index, follow, max-snippet:-1, max-image-preview:large, max-video-preview:-1\" \/>\n<link rel=\"canonical\" href=\"https:\/\/www.thewildcharmfactory.com\/staging\/product\/wolf-french-prealps-by-jeremie-rossetto\/\" \/>\n<meta property=\"og:locale\" content=\"en_US\" \/>\n<meta property=\"og:type\" content=\"article\" \/>\n<meta property=\"og:title\" content=\"Wolf, French Prealps, by J\u00e9r\u00e9mie Rossetto - The Wild Charm Factory\" \/>\n<meta property=\"og:description\" content=\"Signed fine art prints   SIZE 20 x 30 cm PRICE 80 Euro SIZE 30 x 45 cm PRICE 110 Euro SIZE 40 x 60 cm PRICE 160 Euro  Through his photography J\u00e9r\u00e9mie, who is native of Savoie in the French Alps, expresses his passion for his wild mountains and their wildlife. His work is centred on celebrating the wildlife of Savoie, Haute-Savoie and Is\u00e8re, and the need to support their conservation is conveyed by depicting their stunning beauty. J\u00e9r\u00e9mie\u2019s deep care for the environment has grown also by pursuing his studies pertaining nature as well as human sciences.\" \/>\n<meta property=\"og:url\" content=\"https:\/\/www.thewildcharmfactory.com\/staging\/product\/wolf-french-prealps-by-jeremie-rossetto\/\" \/>\n<meta property=\"og:site_name\" content=\"The Wild Charm Factory\" \/>\n<meta property=\"article:modified_time\" content=\"2022-02-25T09:37:17+00:00\" \/>\n<meta property=\"og:image\" content=\"https:\/\/www.thewildcharmfactory.com\/staging\/wp-content\/uploads\/2021\/12\/wolf-French-Prealps.jpg\" \/>\n\t<meta property=\"og:image:width\" content=\"975\" \/>\n\t<meta property=\"og:image:height\" content=\"650\" \/>\n\t<meta property=\"og:image:type\" content=\"image\/jpeg\" \/>\n<meta name=\"twitter:card\" content=\"summary_large_image\" \/>\n<script type=\"application\/ld+json\" class=\"yoast-schema-graph\">{\"@context\":\"https:\/\/schema.org\",\"@graph\":[{\"@type\":\"WebPage\",\"@id\":\"https:\/\/www.thewildcharmfactory.com\/staging\/product\/wolf-french-prealps-by-jeremie-rossetto\/\",\"url\":\"https:\/\/www.thewildcharmfactory.com\/staging\/product\/wolf-french-prealps-by-jeremie-rossetto\/\",\"name\":\"Wolf, French Prealps, by J\u00e9r\u00e9mie Rossetto - The Wild Charm Factory\",\"isPartOf\":{\"@id\":\"https:\/\/www.thewildcharmfactory.com\/staging\/#website\"},\"datePublished\":\"2021-12-02T10:16:40+00:00\",\"dateModified\":\"2022-02-25T09:37:17+00:00\",\"breadcrumb\":{\"@id\":\"https:\/\/www.thewildcharmfactory.com\/staging\/product\/wolf-french-prealps-by-jeremie-rossetto\/#breadcrumb\"},\"inLanguage\":\"en-US\",\"potentialAction\":[{\"@type\":\"ReadAction\",\"target\":[\"https:\/\/www.thewildcharmfactory.com\/staging\/product\/wolf-french-prealps-by-jeremie-rossetto\/\"]}]},{\"@type\":\"BreadcrumbList\",\"@id\":\"https:\/\/www.thewildcharmfactory.com\/staging\/product\/wolf-french-prealps-by-jeremie-rossetto\/#breadcrumb\",\"itemListElement\":[{\"@type\":\"ListItem\",\"position\":1,\"name\":\"Home\",\"item\":\"https:\/\/www.thewildcharmfactory.com\/staging\/\"},{\"@type\":\"ListItem\",\"position\":2,\"name\":\"Shop\",\"item\":\"https:\/\/www.thewildcharmfactory.com\/staging\/shop\/\"},{\"@type\":\"ListItem\",\"position\":3,\"name\":\"Wolf, French Prealps, by J\u00e9r\u00e9mie Rossetto\"}]},{\"@type\":\"WebSite\",\"@id\":\"https:\/\/www.thewildcharmfactory.com\/staging\/#website\",\"url\":\"https:\/\/www.thewildcharmfactory.com\/staging\/\",\"name\":\"The Wild Charm Factory\",\"description\":\"The Wild Charm Factory\",\"publisher\":{\"@id\":\"https:\/\/www.thewildcharmfactory.com\/staging\/#organization\"},\"potentialAction\":[{\"@type\":\"SearchAction\",\"target\":{\"@type\":\"EntryPoint\",\"urlTemplate\":\"https:\/\/www.thewildcharmfactory.com\/staging\/?s={search_term_string}\"},\"query-input\":\"required name=search_term_string\"}],\"inLanguage\":\"en-US\"},{\"@type\":\"Organization\",\"@id\":\"https:\/\/www.thewildcharmfactory.com\/staging\/#organization\",\"name\":\"The Wild Charm Factory\",\"url\":\"https:\/\/www.thewildcharmfactory.com\/staging\/\",\"logo\":{\"@type\":\"ImageObject\",\"inLanguage\":\"en-US\",\"@id\":\"https:\/\/www.thewildcharmfactory.com\/staging\/#\/schema\/logo\/image\/\",\"url\":\"https:\/\/www.thewildcharmfactory.com\/wp-content\/uploads\/2021\/12\/logo-twcf-2.png\",\"contentUrl\":\"https:\/\/www.thewildcharmfactory.com\/wp-content\/uploads\/2021\/12\/logo-twcf-2.png\",\"width\":400,\"height\":335,\"caption\":\"The Wild Charm Factory\"},\"image\":{\"@id\":\"https:\/\/www.thewildcharmfactory.com\/staging\/#\/schema\/logo\/image\/\"},\"sameAs\":[\"https:\/\/www.instagram.com\/thewildcharmfactory\/\"]}]}<\/script>\n<!-- \/ Yoast SEO plugin. -->","yoast_head_json":{"title":"Wolf, French Prealps, by J\u00e9r\u00e9mie Rossetto - The Wild Charm Factory","robots":{"index":"index","follow":"follow","max-snippet":"max-snippet:-1","max-image-preview":"max-image-preview:large","max-video-preview":"max-video-preview:-1"},"canonical":"https:\/\/www.thewildcharmfactory.com\/staging\/product\/wolf-french-prealps-by-jeremie-rossetto\/","og_locale":"en_US","og_type":"article","og_title":"Wolf, French Prealps, by J\u00e9r\u00e9mie Rossetto - The Wild Charm Factory","og_description":"Signed fine art prints   SIZE 20 x 30 cm PRICE 80 Euro SIZE 30 x 45 cm PRICE 110 Euro SIZE 40 x 60 cm PRICE 160 Euro  Through his photography J\u00e9r\u00e9mie, who is native of Savoie in the French Alps, expresses his passion for his wild mountains and their wildlife. His work is centred on celebrating the wildlife of Savoie, Haute-Savoie and Is\u00e8re, and the need to support their conservation is conveyed by depicting their stunning beauty. J\u00e9r\u00e9mie\u2019s deep care for the environment has grown also by pursuing his studies pertaining nature as well as human sciences.","og_url":"https:\/\/www.thewildcharmfactory.com\/staging\/product\/wolf-french-prealps-by-jeremie-rossetto\/","og_site_name":"The Wild Charm Factory","article_modified_time":"2022-02-25T09:37:17+00:00","og_image":[{"width":975,"height":650,"url":"https:\/\/www.thewildcharmfactory.com\/staging\/wp-content\/uploads\/2021\/12\/wolf-French-Prealps.jpg","type":"image\/jpeg"}],"twitter_card":"summary_large_image","schema":{"@context":"https:\/\/schema.org","@graph":[{"@type":"WebPage","@id":"https:\/\/www.thewildcharmfactory.com\/staging\/product\/wolf-french-prealps-by-jeremie-rossetto\/","url":"https:\/\/www.thewildcharmfactory.com\/staging\/product\/wolf-french-prealps-by-jeremie-rossetto\/","name":"Wolf, French Prealps, by J\u00e9r\u00e9mie Rossetto - The Wild Charm Factory","isPartOf":{"@id":"https:\/\/www.thewildcharmfactory.com\/staging\/#website"},"datePublished":"2021-12-02T10:16:40+00:00","dateModified":"2022-02-25T09:37:17+00:00","breadcrumb":{"@id":"https:\/\/www.thewildcharmfactory.com\/staging\/product\/wolf-french-prealps-by-jeremie-rossetto\/#breadcrumb"},"inLanguage":"en-US","potentialAction":[{"@type":"ReadAction","target":["https:\/\/www.thewildcharmfactory.com\/staging\/product\/wolf-french-prealps-by-jeremie-rossetto\/"]}]},{"@type":"BreadcrumbList","@id":"https:\/\/www.thewildcharmfactory.com\/staging\/product\/wolf-french-prealps-by-jeremie-rossetto\/#breadcrumb","itemListElement":[{"@type":"ListItem","position":1,"name":"Home","item":"https:\/\/www.thewildcharmfactory.com\/staging\/"},{"@type":"ListItem","position":2,"name":"Shop","item":"https:\/\/www.thewildcharmfactory.com\/staging\/shop\/"},{"@type":"ListItem","position":3,"name":"Wolf, French Prealps, by J\u00e9r\u00e9mie Rossetto"}]},{"@type":"WebSite","@id":"https:\/\/www.thewildcharmfactory.com\/staging\/#website","url":"https:\/\/www.thewildcharmfactory.com\/staging\/","name":"The Wild Charm Factory","description":"The Wild Charm Factory","publisher":{"@id":"https:\/\/www.thewildcharmfactory.com\/staging\/#organization"},"potentialAction":[{"@type":"SearchAction","target":{"@type":"EntryPoint","urlTemplate":"https:\/\/www.thewildcharmfactory.com\/staging\/?s={search_term_string}"},"query-input":"required name=search_term_string"}],"inLanguage":"en-US"},{"@type":"Organization","@id":"https:\/\/www.thewildcharmfactory.com\/staging\/#organization","name":"The Wild Charm Factory","url":"https:\/\/www.thewildcharmfactory.com\/staging\/","logo":{"@type":"ImageObject","inLanguage":"en-US","@id":"https:\/\/www.thewildcharmfactory.com\/staging\/#\/schema\/logo\/image\/","url":"https:\/\/www.thewildcharmfactory.com\/wp-content\/uploads\/2021\/12\/logo-twcf-2.png","contentUrl":"https:\/\/www.thewildcharmfactory.com\/wp-content\/uploads\/2021\/12\/logo-twcf-2.png","width":400,"height":335,"caption":"The Wild Charm Factory"},"image":{"@id":"https:\/\/www.thewildcharmfactory.com\/staging\/#\/schema\/logo\/image\/"},"sameAs":["https:\/\/www.instagram.com\/thewildcharmfactory\/"]}]}},"_links":{"self":[{"href":"https:\/\/www.thewildcharmfactory.com\/staging\/wp-json\/wp\/v2\/product\/276","targetHints":{"allow":["GET"]}}],"collection":[{"href":"https:\/\/www.thewildcharmfactory.com\/staging\/wp-json\/wp\/v2\/product"}],"about":[{"href":"https:\/\/www.thewildcharmfactory.com\/staging\/wp-json\/wp\/v2\/types\/product"}],"replies":[{"embeddable":true,"href":"https:\/\/www.thewildcharmfactory.com\/staging\/wp-json\/wp\/v2\/comments?post=276"}],"wp:featuredmedia":[{"embeddable":true,"href":"https:\/\/www.thewildcharmfactory.com\/staging\/wp-json\/wp\/v2\/media\/283"}],"wp:attachment":[{"href":"https:\/\/www.thewildcharmfactory.com\/staging\/wp-json\/wp\/v2\/media?parent=276"}],"wp:term":[{"taxonomy":"product_cat","embeddable":true,"href":"https:\/\/www.thewildcharmfactory.com\/staging\/wp-json\/wp\/v2\/product_cat?post=276"},{"taxonomy":"product_tag","embeddable":true,"href":"https:\/\/www.thewildcharmfactory.com\/staging\/wp-json\/wp\/v2\/product_tag?post=276"}],"curies":[{"name":"wp","href":"https:\/\/api.w.org\/{rel}","templated":true}]}}